{"id":1165,"date":"2024-01-10T16:32:32","date_gmt":"2024-01-10T15:32:32","guid":{"rendered":"https:\/\/www.reckasvatba.cz\/?page_id=1165"},"modified":"2024-01-10T16:53:25","modified_gmt":"2024-01-10T15:53:25","slug":"svatba-na-kosu-2","status":"publish","type":"page","link":"https:\/\/www.reckasvatba.cz\/?page_id=1165","title":{"rendered":"Svatba na Kosu"},"content":{"rendered":"\n<p>Svatba na Kosu a spojen\u00e1 s n\u00ed svatebn\u00ed cesta bude zajist\u00e9 spojen\u00e1 se spoustou r\u016fznorod\u00fdch z\u00e1\u017eitk\u016f. Ostrov Kos nalezneme ve v\u00fdchodn\u00ed \u010d\u00e1sti Egejsk\u00e9ho mo\u0159e a i p\u0159es svou malou rozlohu je t\u0159et\u00edm nejv\u011bt\u0161\u00edm dodekan\u00e9sk\u00fdm ostrovem.&nbsp; Tento&nbsp;Turecku&nbsp;kousek vzd\u00e1len\u00fd zelen\u00fd r\u00e1j je naprosto zaslou\u017een\u011b jedn\u00edm z&nbsp;nejobl\u00edben\u011bj\u0161\u00edch \u0159eck\u00fdch ostrov\u016f v\u016fbec. Kombinace n\u00e1dhern\u00fdch p\u00eds\u010dit\u00fdch pl\u00e1\u017e\u00ed, antick\u00fdch pam\u00e1tek a \u0161irok\u00fdch mo\u017enost\u00ed odpo\u010dinkov\u00e9 i aktivn\u00ed dovolen\u00e9 l\u00e1k\u00e1 turisty z&nbsp;cel\u00e9ho sv\u011bta.<\/p>\n\n\n\n<h2 class=\"wp-block-heading\">Historick\u00e9 zaj\u00edmavosti a p\u0159\u00edroda<\/h2>\n\n\n\n<p>Ostrov Kos se  zcela jist\u011b zal\u00edb\u00ed milovn\u00edk\u016fm historie. V\u011bd\u011bli jste, \u017ee se zde narodil antick\u00fd l\u00e9ka\u0159 Hippokrat? Hippokratovu p\u0159\u00edsahu a\u017e dodnes skl\u00e1daj\u00ed v\u0161ichni \u010derstv\u011b vystudovan\u00ed l\u00e9ka\u0159i. V centru hlavn\u00edho m\u011bsta dokonce naleznete platan, pod kter\u00fdm \u00fadajn\u011b Hippokrat vyu\u010doval sv\u00e9 \u017e\u00e1ky. Hlavn\u00ed m\u011bsto Kos, pln\u00e9 zelen\u011b a skvosty stavitelstv\u00ed, tak\u00e9 nab\u00edz\u00ed voln\u011b p\u0159\u00edstupn\u00e9 archeologick\u00e9 z\u00f3ny.<\/p>\n\n\n\n<p>Za svoji jedine\u010dnou atmosf\u00e9ru ostrov vd\u011b\u010d\u00ed i sv\u00e9mu p\u016fvodu. Cel\u00e9 \u00fazem\u00ed, vystupuj\u00edc\u00ed py\u0161n\u011b z&nbsp;mo\u0159e, vzniklo tektonickou \u010dinnost\u00ed. Jej\u00ed poz\u016fstatky zde m\u016f\u017eeme st\u00e1le je\u0161t\u011b nal\u00e9zt, a to v&nbsp;podob\u011b mo\u0159sk\u00fdch term\u00e1ln\u00edch pramen\u016f, p\u0159i\u010dem\u017e jejich teplota dosahuje a\u017e 50 stup\u0148\u016f.<\/p>\n\n\n\n<p>Jin\u00fdm d\u016fkazem sope\u010dn\u00e9 aktivity je pak&nbsp;m\u00fdtick\u00fd ostr\u016fvek Nisyros&nbsp;ji\u017en\u011b od Kosu &#8211; skute\u010dn\u00e1 vyhasl\u00e1 sopka. Dokonce se m\u016f\u017eete vydat do nitra kr\u00e1teru a zpest\u0159it si tak \u00fa\u017easn\u011b svoji svatebn\u00ed dovolenou. Ve vesni\u010dce pod kr\u00e1terem se pot\u00e9 m\u016f\u017eete ob\u010derstvit zdej\u0161\u00ed specialitou  mandlov\u00fdm lik\u00e9rem.<\/p>\n\n\n\n<p>Nejv\u011bt\u0161\u00edm l\u00e1kadlem ostrova jsou v\u0161ak jeho nekone\u010dn\u00e9 pl\u00e1\u017ee &#8211; jedny z nej\u010dist\u0161\u00edch v cel\u00e9m \u0158ecku. Jsou om\u00fdv\u00e1ny k\u0159i\u0161\u0165\u00e1lov\u011b \u010dist\u00fdmi vodami Egejsk\u00e9ho mo\u0159e a pono\u0159\u00edte-li se pod jejich hladinu, spat\u0159\u00edte okouzluj\u00edc\u00ed podmo\u0159sk\u00fd sv\u011bt pln\u00fd pestrobarevn\u00fdch rybi\u010dek a p\u0159ekr\u00e1sn\u00fdch \u017eelv. Na Kosu jsou velmi obl\u00edben\u00e9 tak\u00e9 pl\u00e1\u017eov\u00e9 proj\u00ed\u017e\u010fky na kon\u00edch.&nbsp; Na ty nejkr\u00e1sn\u011bj\u0161\u00ed z\u00e1pady slunce na ostrov\u011b V\u00e1s pak zve tradi\u010dn\u00ed podhorsk\u00e1 vesni\u010dka Zia.<\/p>\n\n\n\n<h2 class=\"wp-block-heading\">Svatba na Kosu &#8211; kde se vz\u00edt?<\/h2>\n\n\n\n<p>A\u0165 u\u017e na pl\u00e1\u017ei, nebo na \u00fa\u017easn\u00e9m mal\u00e9m ostr\u016fvku Kastri, kam doplujete pouze lo\u010fkou. Skv\u011blou volbou m\u016f\u017ee b\u00fdt i prostor p\u0159ed \u0159eckou kapl\u00ed, anebo terasa restaurace, ve kter\u00e9 pot\u00e9 budete pokra\u010dovat s hostinou. Napi\u0161te n\u00e1m, jak si V\u00e1\u0161 svatebn\u00ed den na Kosu p\u0159edtavujete a my pro V\u00e1s najdeme vhodn\u00e9 letovisko i svatebn\u00ed m\u00edsto. A pak u\u017e nezb\u00fdv\u00e1 ne\u017e u\u017e\u00edvat si l\u00edb\u00e1nek.<\/p>\n\n\n\n<p>Prost\u011b a jednodu\u0161e, tou\u017e\u00edte-li b\u011bhem sv\u00e9 svatebn\u00ed cesty zkombinovat kr\u00e1sy historick\u00e9 i p\u0159\u00edrodn\u00ed, nebo si jen u\u017e\u00edvat, bude pro v\u00e1s Kos tou spr\u00e1vnou volbou.&nbsp;P\u0159ejeme V\u00e1m zde poh\u00e1dkov\u00fd vstup do spole\u010dn\u00e9ho \u017eivota <\/p>\n\n\n\n<figure class=\"wp-block-gallery has-nested-images columns-default is-cropped wp-block-gallery-1 is-layout-flex wp-block-gallery-is-layout-flex\">\n<figure class=\"wp-block-image size-large\"><img data-attachment-id=\"1174\" data-permalink=\"https:\/\/www.reckasvatba.cz\/?attachment_id=1174\" data-orig-file=\"https:\/\/i0.wp.com\/www.reckasvatba.cz\/wp-content\/uploads\/2024\/01\/IMG_9798-scaled.jpg?fit=2560%2C1684&amp;ssl=1\" data-orig-size=\"2560,1684\" data-comments-opened=\"1\" data-image-meta=\"{&quot;aperture&quot;:&quot;2&quot;,&quot;credit&quot;:&quot;Milan Diska&quot;,&quot;camera&quot;:&quot;Canon EOS 6D&quot;,&quot;caption&quot;:&quot;&quot;,&quot;created_timestamp&quot;:&quot;1689362946&quot;,&quot;copyright&quot;:&quot;2017&quot;,&quot;focal_length&quot;:&quot;85&quot;,&quot;iso&quot;:&quot;200&quot;,&quot;shutter_speed&quot;:&quot;0.000625&quot;,&quot;title&quot;:&quot;&quot;,&quot;orientation&quot;:&quot;0&quot;}\" data-image-title=\"IMG_9798\" data-image-description=\"\" data-image-caption=\"\" data-medium-file=\"https:\/\/i0.wp.com\/www.reckasvatba.cz\/wp-content\/uploads\/2024\/01\/IMG_9798-scaled.jpg?fit=300%2C197&amp;ssl=1\" data-large-file=\"https:\/\/i0.wp.com\/www.reckasvatba.cz\/wp-content\/uploads\/2024\/01\/IMG_9798-scaled.jpg?fit=525%2C345&amp;ssl=1\" decoding=\"async\" loading=\"lazy\" width=\"525\" height=\"345\" data-id=\"1174\" src=\"https:\/\/i0.wp.com\/www.reckasvatba.cz\/wp-content\/uploads\/2024\/01\/IMG_9798.jpg?resize=525%2C345&#038;ssl=1\" alt=\"\" class=\"wp-image-1174\" srcset=\"https:\/\/i0.wp.com\/www.reckasvatba.cz\/wp-content\/uploads\/2024\/01\/IMG_9798-scaled.jpg?resize=1024%2C673&amp;ssl=1 1024w, https:\/\/i0.wp.com\/www.reckasvatba.cz\/wp-content\/uploads\/2024\/01\/IMG_9798-scaled.jpg?resize=300%2C197&amp;ssl=1 300w, https:\/\/i0.wp.com\/www.reckasvatba.cz\/wp-content\/uploads\/2024\/01\/IMG_9798-scaled.jpg?resize=768%2C505&amp;ssl=1 768w, https:\/\/i0.wp.com\/www.reckasvatba.cz\/wp-content\/uploads\/2024\/01\/IMG_9798-scaled.jpg?resize=1536%2C1010&amp;ssl=1 1536w, https:\/\/i0.wp.com\/www.reckasvatba.cz\/wp-content\/uploads\/2024\/01\/IMG_9798-scaled.jpg?resize=2048%2C1347&amp;ssl=1 2048w\" sizes=\"(max-width: 767px) 89vw, (max-width: 1000px) 54vw, (max-width: 1071px) 543px, 580px\" data-recalc-dims=\"1\" \/><\/figure>\n<\/figure>\n","protected":false},"excerpt":{"rendered":"<p>Svatba na Kosu a spojen\u00e1 s n\u00ed svatebn\u00ed cesta bude zajist\u00e9 spojen\u00e1 se spoustou r\u016fznorod\u00fdch z\u00e1\u017eitk\u016f. Ostrov Kos nalezneme ve v\u00fdchodn\u00ed \u010d\u00e1sti Egejsk\u00e9ho mo\u0159e a i p\u0159es svou malou rozlohu je t\u0159et\u00edm nejv\u011bt\u0161\u00edm dodekan\u00e9sk\u00fdm ostrovem.&nbsp; Tento&nbsp;Turecku&nbsp;kousek vzd\u00e1len\u00fd zelen\u00fd r\u00e1j je naprosto zaslou\u017een\u011b jedn\u00edm z&nbsp;nejobl\u00edben\u011bj\u0161\u00edch \u0159eck\u00fdch ostrov\u016f v\u016fbec. Kombinace n\u00e1dhern\u00fdch p\u00eds\u010dit\u00fdch pl\u00e1\u017e\u00ed, antick\u00fdch pam\u00e1tek a \u0161irok\u00fdch &hellip; <\/p>\n<p class=\"link-more\"><a href=\"https:\/\/www.reckasvatba.cz\/?page_id=1165\" class=\"more-link\">Pokra\u010dovat ve \u010dten\u00ed<span class=\"screen-reader-text\"> &#8222;Svatba na Kosu&#8220;<\/span><\/a><\/p>\n","protected":false},"author":1,"featured_media":1176,"parent":0,"menu_order":0,"comment_status":"closed","ping_status":"closed","template":"","meta":{"footnotes":""},"yoast_head":"<!-- This site is optimized with the Yoast SEO plugin v21.8 - https:\/\/yoast.com\/wordpress\/plugins\/seo\/ -->\n<title>Svatba na Kosu &#8226; SVATBA V \u0158ECKU<\/title>\n<meta name=\"description\" content=\"Svatba na Kosu - ostrov\u011b kouzeln\u00fdch pl\u00e1\u017e\u00ed, historick\u00fdch zaj\u00edmavost\u00ed i p\u0159ekr\u00e1sn\u00e9 p\u0159\u00edrody. Nechte se oddat na Kosu!\" \/>\n<meta name=\"robots\" content=\"index, follow, max-snippet:-1, max-image-preview:large, max-video-preview:-1\" \/>\n<link rel=\"canonical\" href=\"https:\/\/www.reckasvatba.cz\/?page_id=1165\" \/>\n<meta property=\"og:locale\" content=\"cs_CZ\" \/>\n<meta property=\"og:type\" content=\"article\" \/>\n<meta property=\"og:title\" content=\"Svatba na Kosu &#8226; SVATBA V \u0158ECKU\" \/>\n<meta property=\"og:description\" content=\"Svatba na Kosu - ostrov\u011b kouzeln\u00fdch pl\u00e1\u017e\u00ed, historick\u00fdch zaj\u00edmavost\u00ed i p\u0159ekr\u00e1sn\u00e9 p\u0159\u00edrody. Nechte se oddat na Kosu!\" \/>\n<meta property=\"og:url\" content=\"https:\/\/www.reckasvatba.cz\/?page_id=1165\" \/>\n<meta property=\"og:site_name\" content=\"SVATBA V \u0158ECKU\" \/>\n<meta property=\"article:modified_time\" content=\"2024-01-10T15:53:25+00:00\" \/>\n<meta property=\"og:image\" content=\"https:\/\/www.reckasvatba.cz\/wp-content\/uploads\/2024\/01\/IMG_9409-scaled.jpg\" \/>\n\t<meta property=\"og:image:width\" content=\"2560\" \/>\n\t<meta property=\"og:image:height\" content=\"1707\" \/>\n\t<meta property=\"og:image:type\" content=\"image\/jpeg\" \/>\n<meta name=\"twitter:card\" content=\"summary_large_image\" \/>\n<meta name=\"twitter:label1\" content=\"Odhadovan\u00e1 doba \u010dten\u00ed\" \/>\n\t<meta name=\"twitter:data1\" content=\"3 minuty\" \/>\n<script type=\"application\/ld+json\" class=\"yoast-schema-graph\">{\"@context\":\"https:\/\/schema.org\",\"@graph\":[{\"@type\":\"WebPage\",\"@id\":\"https:\/\/www.reckasvatba.cz\/?page_id=1165\",\"url\":\"https:\/\/www.reckasvatba.cz\/?page_id=1165\",\"name\":\"Svatba na Kosu &#8226; SVATBA V \u0158ECKU\",\"isPartOf\":{\"@id\":\"https:\/\/www.reckasvatba.cz\/#website\"},\"datePublished\":\"2024-01-10T15:32:32+00:00\",\"dateModified\":\"2024-01-10T15:53:25+00:00\",\"description\":\"Svatba na Kosu - ostrov\u011b kouzeln\u00fdch pl\u00e1\u017e\u00ed, historick\u00fdch zaj\u00edmavost\u00ed i p\u0159ekr\u00e1sn\u00e9 p\u0159\u00edrody. Nechte se oddat na Kosu!\",\"breadcrumb\":{\"@id\":\"https:\/\/www.reckasvatba.cz\/?page_id=1165#breadcrumb\"},\"inLanguage\":\"cs\",\"potentialAction\":[{\"@type\":\"ReadAction\",\"target\":[\"https:\/\/www.reckasvatba.cz\/?page_id=1165\"]}]},{\"@type\":\"BreadcrumbList\",\"@id\":\"https:\/\/www.reckasvatba.cz\/?page_id=1165#breadcrumb\",\"itemListElement\":[{\"@type\":\"ListItem\",\"position\":1,\"name\":\"Dom\u016f\",\"item\":\"https:\/\/www.reckasvatba.cz\/\"},{\"@type\":\"ListItem\",\"position\":2,\"name\":\"Svatba na Kosu\"}]},{\"@type\":\"WebSite\",\"@id\":\"https:\/\/www.reckasvatba.cz\/#website\",\"url\":\"https:\/\/www.reckasvatba.cz\/\",\"name\":\"SVATBA V \u0158ECKU\",\"description\":\"Svatby v \u0158ecku a na \u0159eck\u00fdch ostrovech\",\"potentialAction\":[{\"@type\":\"SearchAction\",\"target\":{\"@type\":\"EntryPoint\",\"urlTemplate\":\"https:\/\/www.reckasvatba.cz\/?s={search_term_string}\"},\"query-input\":\"required name=search_term_string\"}],\"inLanguage\":\"cs\"}]}<\/script>\n<!-- \/ Yoast SEO plugin. -->","yoast_head_json":{"title":"Svatba na Kosu &#8226; SVATBA V \u0158ECKU","description":"Svatba na Kosu - ostrov\u011b kouzeln\u00fdch pl\u00e1\u017e\u00ed, historick\u00fdch zaj\u00edmavost\u00ed i p\u0159ekr\u00e1sn\u00e9 p\u0159\u00edrody. Nechte se oddat na Kosu!","robots":{"index":"index","follow":"follow","max-snippet":"max-snippet:-1","max-image-preview":"max-image-preview:large","max-video-preview":"max-video-preview:-1"},"canonical":"https:\/\/www.reckasvatba.cz\/?page_id=1165","og_locale":"cs_CZ","og_type":"article","og_title":"Svatba na Kosu &#8226; SVATBA V \u0158ECKU","og_description":"Svatba na Kosu - ostrov\u011b kouzeln\u00fdch pl\u00e1\u017e\u00ed, historick\u00fdch zaj\u00edmavost\u00ed i p\u0159ekr\u00e1sn\u00e9 p\u0159\u00edrody. Nechte se oddat na Kosu!","og_url":"https:\/\/www.reckasvatba.cz\/?page_id=1165","og_site_name":"SVATBA V \u0158ECKU","article_modified_time":"2024-01-10T15:53:25+00:00","og_image":[{"width":2560,"height":1707,"url":"https:\/\/www.reckasvatba.cz\/wp-content\/uploads\/2024\/01\/IMG_9409-scaled.jpg","type":"image\/jpeg"}],"twitter_card":"summary_large_image","twitter_misc":{"Odhadovan\u00e1 doba \u010dten\u00ed":"3 minuty"},"schema":{"@context":"https:\/\/schema.org","@graph":[{"@type":"WebPage","@id":"https:\/\/www.reckasvatba.cz\/?page_id=1165","url":"https:\/\/www.reckasvatba.cz\/?page_id=1165","name":"Svatba na Kosu &#8226; SVATBA V \u0158ECKU","isPartOf":{"@id":"https:\/\/www.reckasvatba.cz\/#website"},"datePublished":"2024-01-10T15:32:32+00:00","dateModified":"2024-01-10T15:53:25+00:00","description":"Svatba na Kosu - ostrov\u011b kouzeln\u00fdch pl\u00e1\u017e\u00ed, historick\u00fdch zaj\u00edmavost\u00ed i p\u0159ekr\u00e1sn\u00e9 p\u0159\u00edrody. Nechte se oddat na Kosu!","breadcrumb":{"@id":"https:\/\/www.reckasvatba.cz\/?page_id=1165#breadcrumb"},"inLanguage":"cs","potentialAction":[{"@type":"ReadAction","target":["https:\/\/www.reckasvatba.cz\/?page_id=1165"]}]},{"@type":"BreadcrumbList","@id":"https:\/\/www.reckasvatba.cz\/?page_id=1165#breadcrumb","itemListElement":[{"@type":"ListItem","position":1,"name":"Dom\u016f","item":"https:\/\/www.reckasvatba.cz\/"},{"@type":"ListItem","position":2,"name":"Svatba na Kosu"}]},{"@type":"WebSite","@id":"https:\/\/www.reckasvatba.cz\/#website","url":"https:\/\/www.reckasvatba.cz\/","name":"SVATBA V \u0158ECKU","description":"Svatby v \u0158ecku a na \u0159eck\u00fdch ostrovech","potentialAction":[{"@type":"SearchAction","target":{"@type":"EntryPoint","urlTemplate":"https:\/\/www.reckasvatba.cz\/?s={search_term_string}"},"query-input":"required name=search_term_string"}],"inLanguage":"cs"}]}},"jetpack_sharing_enabled":true,"jetpack_shortlink":"https:\/\/wp.me\/P8rUEV-iN","jetpack-related-posts":[{"id":1162,"url":"https:\/\/www.reckasvatba.cz\/?page_id=1162","url_meta":{"origin":1165,"position":0},"title":"Svatba na Kosu","author":"recka","date":"10.1.2024","format":false,"excerpt":"Svatba na Kosu a spojen\u00e1 s n\u00ed svatebn\u00ed cesta bude zajist\u00e9 spojen\u00e1 se spoustou r\u016fznorod\u00fdch z\u00e1\u017eitk\u016f. Ostrov Kos nalezneme ve v\u00fdchodn\u00ed \u010d\u00e1sti Egejsk\u00e9ho mo\u0159e a i p\u0159es svou malou rozlohu je t\u0159et\u00edm nejv\u011bt\u0161\u00edm dodekan\u00e9sk\u00fdm ostrovem.\u00a0 Tento\u00a0Turecku\u00a0kousek vzd\u00e1len\u00fd zelen\u00fd r\u00e1j je naprosto zaslou\u017een\u011b jedn\u00edm z\u00a0nejobl\u00edben\u011bj\u0161\u00edch \u0159eck\u00fdch ostrov\u016f v\u016fbec. Kombinace n\u00e1dhern\u00fdch p\u00eds\u010dit\u00fdch\u2026","rel":"","context":"Similar post","block_context":{"text":"Similar post","link":""},"img":{"alt_text":"","src":"","width":0,"height":0},"classes":[]},{"id":25,"url":"https:\/\/www.reckasvatba.cz\/?page_id=25","url_meta":{"origin":1165,"position":1},"title":"Svatba na Korfu","author":"recka","date":"26.2.2017","format":false,"excerpt":"Korfu. Svatba na Korfu. Svatba na Korfu je zajist\u00e9 snem nejedn\u00e9 nev\u011bsty. I kdy\u017e je Kerkyra, jak ostrovu \u0158ekov\u00e9 \u0159\u00edkaj\u00ed, v nab\u00eddce t\u00e9m\u011b\u0159 ka\u017ed\u00e9 cestovn\u00ed kancel\u00e1\u0159e, jako svatebn\u00ed destinace nen\u00ed p\u0159\u00edli\u0161 zn\u00e1m\u00e1. Na\u0161im c\u00edlem bylo a v\u017edy bude prolomit stereotypy a nab\u00eddnout V\u00e1m - draz\u00ed snoubenci- n\u011bco nov\u00e9ho a neokoukan\u00e9ho.\u2026","rel":"","context":"Similar post","block_context":{"text":"Similar post","link":""},"img":{"alt_text":"","src":"https:\/\/i0.wp.com\/www.reckasvatba.cz\/wp-content\/uploads\/2017\/02\/virgin-mary-monastery.jpg?fit=1200%2C543&ssl=1&resize=350%2C200","width":350,"height":200,"srcset":"https:\/\/i0.wp.com\/www.reckasvatba.cz\/wp-content\/uploads\/2017\/02\/virgin-mary-monastery.jpg?fit=1200%2C543&ssl=1&resize=350%2C200 1x, https:\/\/i0.wp.com\/www.reckasvatba.cz\/wp-content\/uploads\/2017\/02\/virgin-mary-monastery.jpg?fit=1200%2C543&ssl=1&resize=525%2C300 1.5x, https:\/\/i0.wp.com\/www.reckasvatba.cz\/wp-content\/uploads\/2017\/02\/virgin-mary-monastery.jpg?fit=1200%2C543&ssl=1&resize=700%2C400 2x, https:\/\/i0.wp.com\/www.reckasvatba.cz\/wp-content\/uploads\/2017\/02\/virgin-mary-monastery.jpg?fit=1200%2C543&ssl=1&resize=1050%2C600 3x"},"classes":[]},{"id":23,"url":"https:\/\/www.reckasvatba.cz\/?page_id=23","url_meta":{"origin":1165,"position":2},"title":"Svatba na Zakynthosu","author":"recka","date":"26.2.2017","format":false,"excerpt":"Svatba na Zakynthosu je snem mnoha p\u00e1r\u016f. Charakteristick\u00e1 b\u00edl\u00e1 a modr\u00e1, kter\u00e9 jsou n\u00e1rodn\u00edmi barvami \u0158ecka, zde dominuj\u00ed. Spole\u010dn\u011b se zelenou - barvou hust\u00fdch cip\u0159\u00ed\u0161ov\u00fdch h\u00e1j\u016f a sad\u016f olivovn\u00edk\u016f lahod\u00ed oku n\u00e1v\u0161t\u011bvn\u00edka.\u00a0 Zakynthos l\u00e1k\u00e1 p\u0159ekr\u00e1sn\u00fdmi pl\u00e1\u017eemi, mezi kter\u00fdmi se vyj\u00edm\u00e1 nedostupn\u00e1 pl\u00e1\u017e Navajo s vrakem pa\u0161er\u00e1ck\u00e9 lodi. Na Navajo lze\u2026","rel":"","context":"Similar post","block_context":{"text":"Similar post","link":""},"img":{"alt_text":"","src":"https:\/\/i0.wp.com\/www.reckasvatba.cz\/wp-content\/uploads\/2024\/10\/9C8A7790-300x200.jpg?resize=350%2C200&ssl=1","width":350,"height":200},"classes":[]},{"id":676,"url":"https:\/\/www.reckasvatba.cz\/?page_id=676","url_meta":{"origin":1165,"position":3},"title":"Svatba na Kr\u00e9t\u011b","author":"recka","date":"31.1.2018","format":false,"excerpt":"Kr\u00e9ta je nejv\u011bt\u0161\u00edm \u0159eck\u00fdm ostrovem. Je tak velk\u00e1 a tak kr\u00e1sn\u00e1, \u017ee nen\u00ed jednoduch\u00e9 ji popsat v n\u011bkolika v\u011bt\u00e1ch. Svatba na Kr\u00e9t\u011b m\u016f\u017ee b\u00fdt spln\u011bn\u00fdm snem mnoha p\u00e1r\u016f a to nejen d\u00edky pestr\u00e9 nab\u00eddce pl\u00e1\u017e\u00ed a \u00fa\u017easn\u00e9mu mo\u0159i, ale tak\u00e9 d\u00edky kr\u00e9tsk\u00e9 kuchyni a velice zaj\u00edav\u00fdm historick\u00fdm pam\u00e1tk\u00e1m. Kr\u00e9tu si\u2026","rel":"","context":"Similar post","block_context":{"text":"Similar post","link":""},"img":{"alt_text":"","src":"https:\/\/i0.wp.com\/www.reckasvatba.cz\/wp-content\/uploads\/2018\/01\/gramvousa.jpg?fit=800%2C450&ssl=1&resize=350%2C200","width":350,"height":200,"srcset":"https:\/\/i0.wp.com\/www.reckasvatba.cz\/wp-content\/uploads\/2018\/01\/gramvousa.jpg?fit=800%2C450&ssl=1&resize=350%2C200 1x, https:\/\/i0.wp.com\/www.reckasvatba.cz\/wp-content\/uploads\/2018\/01\/gramvousa.jpg?fit=800%2C450&ssl=1&resize=525%2C300 1.5x, https:\/\/i0.wp.com\/www.reckasvatba.cz\/wp-content\/uploads\/2018\/01\/gramvousa.jpg?fit=800%2C450&ssl=1&resize=700%2C400 2x"},"classes":[]},{"id":26,"url":"https:\/\/www.reckasvatba.cz\/?page_id=26","url_meta":{"origin":1165,"position":4},"title":"Svatba na Santorini","author":"recka","date":"26.2.2017","format":false,"excerpt":"Kdopak by neznal Santorini, vyj\u00edme\u010dn\u00fd \u0159eck\u00fd ostrov le\u017e\u00edc\u00ed v souostrov\u00ed Kykl\u00e1d. Je jako stvo\u0159en\u00fd pro svatbu, a to nejen d\u00edky scen\u00e9ri\u00edm, kter\u00e9 jsou k vid\u011bn\u00ed z ka\u017ed\u00e9ho v\u00fd\u0161e polo\u017een\u00e9ho m\u00edsta. Charakteristick\u00e9 terasy a vyhl\u00eddky, na kter\u00e9 p\u0159ich\u00e1zej\u00ed milenci a p\u00e1ry pozorovat dechberouc\u00ed z\u00e1pady slunce, panor\u00e1ma mo\u0159e a b\u00edl\u00e9 vesni\u010dky, kontrastuj\u00edc\u00ed\u2026","rel":"","context":"Similar post","block_context":{"text":"Similar post","link":""},"img":{"alt_text":"","src":"https:\/\/i0.wp.com\/www.reckasvatba.cz\/wp-content\/uploads\/2024\/01\/1-1555-scaled.jpg?fit=1200%2C800&ssl=1&resize=350%2C200","width":350,"height":200,"srcset":"https:\/\/i0.wp.com\/www.reckasvatba.cz\/wp-content\/uploads\/2024\/01\/1-1555-scaled.jpg?fit=1200%2C800&ssl=1&resize=350%2C200 1x, https:\/\/i0.wp.com\/www.reckasvatba.cz\/wp-content\/uploads\/2024\/01\/1-1555-scaled.jpg?fit=1200%2C800&ssl=1&resize=525%2C300 1.5x, https:\/\/i0.wp.com\/www.reckasvatba.cz\/wp-content\/uploads\/2024\/01\/1-1555-scaled.jpg?fit=1200%2C800&ssl=1&resize=700%2C400 2x, https:\/\/i0.wp.com\/www.reckasvatba.cz\/wp-content\/uploads\/2024\/01\/1-1555-scaled.jpg?fit=1200%2C800&ssl=1&resize=1050%2C600 3x"},"classes":[]},{"id":16,"url":"https:\/\/www.reckasvatba.cz\/","url_meta":{"origin":1165,"position":5},"title":"Svatba v \u0158ecku \/ Netradi\u010dn\u00ed svatby na \u0159eck\u00fdch ostrovech","author":"recka","date":"26.2.2017","format":false,"excerpt":"Mo\u017en\u00e1 ji\u017e del\u0161\u00ed dobu p\u0159em\u00fd\u0161l\u00edte o Va\u0161\u00ed svatb\u011b, o svatb\u011b, kter\u00e1 m\u00e1 b\u00fdt dnem \"D\" ve Va\u0161em \u017eivot\u011b a chcete ji pro\u017e\u00edt podle sv\u00fdch p\u0159edstav. Nechcete se p\u0159izp\u016fsobovat p\u0159\u00e1n\u00ed p\u0159\u00edbuzn\u00fdch a zvyk\u016fm, kter\u00e9 je nutno dodr\u017eovat p\u0159i svatb\u011b doma. Sn\u00edte o ob\u0159adu ve dvou jen za p\u0159\u00edtomnosti sv\u011bdk\u016f? Anebo chcete\u2026","rel":"","context":"Similar post","block_context":{"text":"Similar post","link":""},"img":{"alt_text":"","src":"https:\/\/i0.wp.com\/www.reckasvatba.cz\/wp-content\/uploads\/2024\/01\/033A7104.jpg?fit=1200%2C800&ssl=1&resize=350%2C200","width":350,"height":200,"srcset":"https:\/\/i0.wp.com\/www.reckasvatba.cz\/wp-content\/uploads\/2024\/01\/033A7104.jpg?fit=1200%2C800&ssl=1&resize=350%2C200 1x, https:\/\/i0.wp.com\/www.reckasvatba.cz\/wp-content\/uploads\/2024\/01\/033A7104.jpg?fit=1200%2C800&ssl=1&resize=525%2C300 1.5x, https:\/\/i0.wp.com\/www.reckasvatba.cz\/wp-content\/uploads\/2024\/01\/033A7104.jpg?fit=1200%2C800&ssl=1&resize=700%2C400 2x, https:\/\/i0.wp.com\/www.reckasvatba.cz\/wp-content\/uploads\/2024\/01\/033A7104.jpg?fit=1200%2C800&ssl=1&resize=1050%2C600 3x"},"classes":[]}],"_links":{"self":[{"href":"https:\/\/www.reckasvatba.cz\/index.php?rest_route=\/wp\/v2\/pages\/1165"}],"collection":[{"href":"https:\/\/www.reckasvatba.cz\/index.php?rest_route=\/wp\/v2\/pages"}],"about":[{"href":"https:\/\/www.reckasvatba.cz\/index.php?rest_route=\/wp\/v2\/types\/page"}],"author":[{"embeddable":true,"href":"https:\/\/www.reckasvatba.cz\/index.php?rest_route=\/wp\/v2\/users\/1"}],"replies":[{"embeddable":true,"href":"https:\/\/www.reckasvatba.cz\/index.php?rest_route=%2Fwp%2Fv2%2Fcomments&post=1165"}],"version-history":[{"count":2,"href":"https:\/\/www.reckasvatba.cz\/index.php?rest_route=\/wp\/v2\/pages\/1165\/revisions"}],"predecessor-version":[{"id":1178,"href":"https:\/\/www.reckasvatba.cz\/index.php?rest_route=\/wp\/v2\/pages\/1165\/revisions\/1178"}],"wp:featuredmedia":[{"embeddable":true,"href":"https:\/\/www.reckasvatba.cz\/index.php?rest_route=\/wp\/v2\/media\/1176"}],"wp:attachment":[{"href":"https:\/\/www.reckasvatba.cz\/index.php?rest_route=%2Fwp%2Fv2%2Fmedia&parent=1165"}],"curies":[{"name":"wp","href":"https:\/\/api.w.org\/{rel}","templated":true}]}}