{"id":215,"date":"2017-02-27T12:20:03","date_gmt":"2017-02-27T11:20:03","guid":{"rendered":"http:\/\/www.reckasvatba.cz\/?page_id=215"},"modified":"2017-02-27T12:22:02","modified_gmt":"2017-02-27T11:22:02","slug":"dokumenty","status":"publish","type":"page","link":"https:\/\/www.reckasvatba.cz\/?page_id=215","title":{"rendered":"Dokumenty"},"content":{"rendered":"<p>Je d\u016fle\u017eit\u00e9, abyste s vy\u0159izov\u00e1n\u00edm dokument\u016f za\u010dali s\u00a0dostate\u010dn\u00fdm p\u0159edstihem. N\u00ed\u017ee uveden\u00e9 dokumenty je nutn\u00e9 zaslat do destinace nejl\u00e9pe <strong>6 t\u00fddn\u016f<\/strong> a nejpozd\u011bji <strong>4 t\u00fddny<\/strong> p\u0159ed pl\u00e1novan\u00fdm ob\u0159adem. N\u011bkter\u00e9 term\u00edny svateb (obzvl\u00e1\u0161\u0165 \u010dervenec, srpen) mohou b\u00fdt zamluven\u00e9 jin\u00fdmi p\u00e1ry p\u00e1r m\u011bs\u00edc\u016f dop\u0159edu. Pokud si chcete b\u00fdt jisti vybran\u00fdm term\u00ednem, s\u00a0ohledem na dostupnost odd\u00e1vaj\u00edc\u00edho, pl\u00e1nujte svatbu ve v\u0161edn\u00ed dny, nejl\u00e9pe dopoledne.<\/p>\n<p>N\u00e1sleduj\u00edc\u00ed doklady nebo jejich kopie budou pot\u0159ebn\u00e9 pro uspo\u0159\u00e1d\u00e1n\u00ed pr\u00e1voplatn\u00e9ho ob\u0159adu v \u0158ecku. \u00a0Tyto doklady si zajist\u00edte sami t\u00edm, \u017ee za\u017e\u00e1d\u00e1te o jejich vyd\u00e1n\u00ed matri\u010dn\u00ed \u00fa\u0159ad v m\u00edst\u011b Va\u0161eho bydli\u0161t\u011b nebo okop\u00edrujete ji\u017e vydan\u00e9 dokumenty.<\/p>\n<ol>\n<li><strong>Ob\u010dansk\u00e9 pr\u016fkazy<\/strong> ( OP) nebo <strong>cestovn\u00ed pasy <\/strong>(CP) obou snoubenc\u016f. Do ob\u00e1lky si p\u0159iprav\u00edte pouze \u010diteln\u011b skop\u00edrov\u00e1n\u00e9 \u010derno-b\u00edl\u00e9 nebo barevn\u00e9 <strong>fotokopie (neov\u011b\u0159en\u00e9) <\/strong>bu\u010fto OP \u00a0(ob\u011b strany OP )nebo CP ( pouze dvojlist s\u00a0fotografi\u00ed a osobn\u00edmi \u00fadaji).\u00a0 Zkontrolujte platnost doklad\u016f, pamatujte, \u017ee by m\u011bly b\u00fdt platn\u00e9 je\u0161t\u011b 3 m\u011bs\u00edce po datumu pl\u00e1novan\u00e9 svatby.<\/li>\n<li><strong>Opisy rodn\u00fdch list\u016f <\/strong>(RL) obou snoubenc\u016f. P\u0159\u00edj\u00edmaj\u00ed se \u00fa\u0159edn\u011b ov\u011b\u0159en\u00e9 kopie RL nebo si spole\u010dn\u011b s\u00a0doklady uveden\u00fdmi pod bodem 3. za\u017e\u00e1d\u00e1te na matrice o vyd\u00e1n\u00ed duplik\u00e1t\u016f RL, kter\u00e9 vlo\u017e\u00edte do ob\u00e1lky ( z\u016fst\u00e1vaj\u00ed v\u00a0archivu \u0159eck\u00e9ho matri\u010dn\u00edho \u00fa\u0159adu)<\/li>\n<li><strong>Vysv\u011bd\u010den\u00ed o pr\u00e1vn\u00ed zp\u016fsobilosti k\u00a0uzav\u0159en\u00ed man\u017eelstv\u00ed <\/strong>( angl. Certificate of no impediment to marriage) \u2013 ka\u017ed\u00fd snoubenec \u00a0zvl\u00e1\u0161\u0165 si za\u017e\u00e1d\u00e1 o vyd\u00e1n\u00ed vlastn\u00ed matri\u010dn\u00ed \u00fa\u0159ad, kter\u00fd nejpozd\u011bji do 30-ti dn\u016f ( ale obvykle do 2-3 pracovn\u00edch dn\u016f) po uhrazen\u00ed spr\u00e1vn\u00edho polatku 500 ,- K\u010d vyd\u00e1 toto osv\u011bd\u010den\u00ed. Pozor! Platnost shora uveden\u00e9ho dokumentu je <strong>6 m\u011bs\u00edc\u016f<\/strong>, proto si o n\u011bj ne\u017e\u00e1dejte p\u0159\u00edli\u0161 brzo. Pro jeho vyd\u00e1n\u00ed si je t\u0159eba p\u0159ipravit RL a OP, pokud jste rozveden\/a nebo vdovec\/vdova nebo do\u0161lo ke zm\u011bn\u011b jm\u00e9na nebo osvojen\u00ed\/adopci, je t\u0159eba matrice don\u00e9st doklad dokazuj\u00edc\u00ed rozvod man\u017eelstv\u00ed\/\u00famrtn\u00ed list\/doklad o zm\u011bn\u011b jm\u00e9na\/adop\u010dn\u00ed list atd.<\/li>\n<li><strong>***Pouze pro Ty, pro kter\u00e9 pl\u00e1novan\u00fd s\u0148atek nen\u00ed prvn\u00edm s\u0148atkem.\u00a0 \u00a0\u00a0 \u00a0\u00a0 <\/strong>Pokud jeden ze snoubenc\u016f se ji\u017e d\u0159\u00edve nach\u00e1zel v\u00a0man\u017eelstv\u00ed, je t\u0159eba \u0159eck\u00e9mu matri\u010dn\u00edmu \u00fa\u0159adu p\u0159edn\u00e9st rozsudek o rozvodu man\u017eelstv\u00ed\/nebo v\u00a0p\u0159\u00edpad\u011b, \u017ee man\u017eel\/ka zem\u0159el\/a \u2013 p\u0159edkl\u00e1d\u00e1 se ov\u011b\u0159enou kopii \u00famrtn\u00edho listu zem\u0159el\u00e9\/ho. Takt\u00e9\u017e pokud do\u0161lo k\u00a0zm\u011bn\u011b jm\u00e9na, osvojen\u00ed nebo adopci, je t\u0159eba p\u0159ilo\u017eit p\u0159\u00edslu\u0161n\u00fd doklad potvrzuj\u00edc\u00ed v\u00fd\u0161e uveden\u00e9.<\/li>\n<\/ol>\n","protected":false},"excerpt":{"rendered":"<p>Je d\u016fle\u017eit\u00e9, abyste s vy\u0159izov\u00e1n\u00edm dokument\u016f za\u010dali s\u00a0dostate\u010dn\u00fdm p\u0159edstihem. N\u00ed\u017ee uveden\u00e9 dokumenty je nutn\u00e9 zaslat do destinace nejl\u00e9pe 6 t\u00fddn\u016f a nejpozd\u011bji 4 t\u00fddny p\u0159ed pl\u00e1novan\u00fdm ob\u0159adem. N\u011bkter\u00e9 term\u00edny svateb (obzvl\u00e1\u0161\u0165 \u010dervenec, srpen) mohou b\u00fdt zamluven\u00e9 jin\u00fdmi p\u00e1ry p\u00e1r m\u011bs\u00edc\u016f dop\u0159edu. Pokud si chcete b\u00fdt jisti vybran\u00fdm term\u00ednem, s\u00a0ohledem na dostupnost odd\u00e1vaj\u00edc\u00edho, pl\u00e1nujte svatbu ve &hellip; <\/p>\n<p class=\"link-more\"><a href=\"https:\/\/www.reckasvatba.cz\/?page_id=215\" class=\"more-link\">Pokra\u010dovat ve \u010dten\u00ed<span class=\"screen-reader-text\"> &#8222;Dokumenty&#8220;<\/span><\/a><\/p>\n","protected":false},"author":1,"featured_media":0,"parent":27,"menu_order":0,"comment_status":"closed","ping_status":"closed","template":"","meta":{"footnotes":""},"yoast_head":"<!-- This site is optimized with the Yoast SEO plugin v21.8 - https:\/\/yoast.com\/wordpress\/plugins\/seo\/ -->\n<title>Dokumenty &#8226; SVATBA V \u0158ECKU<\/title>\n<meta name=\"robots\" content=\"index, follow, max-snippet:-1, max-image-preview:large, max-video-preview:-1\" \/>\n<link rel=\"canonical\" href=\"https:\/\/www.reckasvatba.cz\/?page_id=215\" \/>\n<meta property=\"og:locale\" content=\"cs_CZ\" \/>\n<meta property=\"og:type\" content=\"article\" \/>\n<meta property=\"og:title\" content=\"Dokumenty &#8226; SVATBA V \u0158ECKU\" \/>\n<meta property=\"og:description\" content=\"Je d\u016fle\u017eit\u00e9, abyste s vy\u0159izov\u00e1n\u00edm dokument\u016f za\u010dali s\u00a0dostate\u010dn\u00fdm p\u0159edstihem. N\u00ed\u017ee uveden\u00e9 dokumenty je nutn\u00e9 zaslat do destinace nejl\u00e9pe 6 t\u00fddn\u016f a nejpozd\u011bji 4 t\u00fddny p\u0159ed pl\u00e1novan\u00fdm ob\u0159adem. N\u011bkter\u00e9 term\u00edny svateb (obzvl\u00e1\u0161\u0165 \u010dervenec, srpen) mohou b\u00fdt zamluven\u00e9 jin\u00fdmi p\u00e1ry p\u00e1r m\u011bs\u00edc\u016f dop\u0159edu. Pokud si chcete b\u00fdt jisti vybran\u00fdm term\u00ednem, s\u00a0ohledem na dostupnost odd\u00e1vaj\u00edc\u00edho, pl\u00e1nujte svatbu ve &hellip; Pokra\u010dovat ve \u010dten\u00ed &quot;Dokumenty&quot;\" \/>\n<meta property=\"og:url\" content=\"https:\/\/www.reckasvatba.cz\/?page_id=215\" \/>\n<meta property=\"og:site_name\" content=\"SVATBA V \u0158ECKU\" \/>\n<meta property=\"article:modified_time\" content=\"2017-02-27T11:22:02+00:00\" \/>\n<meta name=\"twitter:card\" content=\"summary_large_image\" \/>\n<meta name=\"twitter:label1\" content=\"Odhadovan\u00e1 doba \u010dten\u00ed\" \/>\n\t<meta name=\"twitter:data1\" content=\"2 minuty\" \/>\n<script type=\"application\/ld+json\" class=\"yoast-schema-graph\">{\"@context\":\"https:\/\/schema.org\",\"@graph\":[{\"@type\":\"WebPage\",\"@id\":\"https:\/\/www.reckasvatba.cz\/?page_id=215\",\"url\":\"https:\/\/www.reckasvatba.cz\/?page_id=215\",\"name\":\"Dokumenty &#8226; SVATBA V \u0158ECKU\",\"isPartOf\":{\"@id\":\"https:\/\/www.reckasvatba.cz\/#website\"},\"datePublished\":\"2017-02-27T11:20:03+00:00\",\"dateModified\":\"2017-02-27T11:22:02+00:00\",\"breadcrumb\":{\"@id\":\"https:\/\/www.reckasvatba.cz\/?page_id=215#breadcrumb\"},\"inLanguage\":\"cs\",\"potentialAction\":[{\"@type\":\"ReadAction\",\"target\":[\"https:\/\/www.reckasvatba.cz\/?page_id=215\"]}]},{\"@type\":\"BreadcrumbList\",\"@id\":\"https:\/\/www.reckasvatba.cz\/?page_id=215#breadcrumb\",\"itemListElement\":[{\"@type\":\"ListItem\",\"position\":1,\"name\":\"Dom\u016f\",\"item\":\"https:\/\/www.reckasvatba.cz\/\"},{\"@type\":\"ListItem\",\"position\":2,\"name\":\"Za\u010d\u00edn\u00e1me s p\u0159\u00edpravou svatby\",\"item\":\"https:\/\/www.reckasvatba.cz\/?page_id=27\"},{\"@type\":\"ListItem\",\"position\":3,\"name\":\"Dokumenty\"}]},{\"@type\":\"WebSite\",\"@id\":\"https:\/\/www.reckasvatba.cz\/#website\",\"url\":\"https:\/\/www.reckasvatba.cz\/\",\"name\":\"SVATBA V \u0158ECKU\",\"description\":\"Svatby v \u0158ecku a na \u0159eck\u00fdch ostrovech\",\"potentialAction\":[{\"@type\":\"SearchAction\",\"target\":{\"@type\":\"EntryPoint\",\"urlTemplate\":\"https:\/\/www.reckasvatba.cz\/?s={search_term_string}\"},\"query-input\":\"required name=search_term_string\"}],\"inLanguage\":\"cs\"}]}<\/script>\n<!-- \/ Yoast SEO plugin. -->","yoast_head_json":{"title":"Dokumenty &#8226; SVATBA V \u0158ECKU","robots":{"index":"index","follow":"follow","max-snippet":"max-snippet:-1","max-image-preview":"max-image-preview:large","max-video-preview":"max-video-preview:-1"},"canonical":"https:\/\/www.reckasvatba.cz\/?page_id=215","og_locale":"cs_CZ","og_type":"article","og_title":"Dokumenty &#8226; SVATBA V \u0158ECKU","og_description":"Je d\u016fle\u017eit\u00e9, abyste s vy\u0159izov\u00e1n\u00edm dokument\u016f za\u010dali s\u00a0dostate\u010dn\u00fdm p\u0159edstihem. N\u00ed\u017ee uveden\u00e9 dokumenty je nutn\u00e9 zaslat do destinace nejl\u00e9pe 6 t\u00fddn\u016f a nejpozd\u011bji 4 t\u00fddny p\u0159ed pl\u00e1novan\u00fdm ob\u0159adem. N\u011bkter\u00e9 term\u00edny svateb (obzvl\u00e1\u0161\u0165 \u010dervenec, srpen) mohou b\u00fdt zamluven\u00e9 jin\u00fdmi p\u00e1ry p\u00e1r m\u011bs\u00edc\u016f dop\u0159edu. Pokud si chcete b\u00fdt jisti vybran\u00fdm term\u00ednem, s\u00a0ohledem na dostupnost odd\u00e1vaj\u00edc\u00edho, pl\u00e1nujte svatbu ve &hellip; Pokra\u010dovat ve \u010dten\u00ed \"Dokumenty\"","og_url":"https:\/\/www.reckasvatba.cz\/?page_id=215","og_site_name":"SVATBA V \u0158ECKU","article_modified_time":"2017-02-27T11:22:02+00:00","twitter_card":"summary_large_image","twitter_misc":{"Odhadovan\u00e1 doba \u010dten\u00ed":"2 minuty"},"schema":{"@context":"https:\/\/schema.org","@graph":[{"@type":"WebPage","@id":"https:\/\/www.reckasvatba.cz\/?page_id=215","url":"https:\/\/www.reckasvatba.cz\/?page_id=215","name":"Dokumenty &#8226; SVATBA V \u0158ECKU","isPartOf":{"@id":"https:\/\/www.reckasvatba.cz\/#website"},"datePublished":"2017-02-27T11:20:03+00:00","dateModified":"2017-02-27T11:22:02+00:00","breadcrumb":{"@id":"https:\/\/www.reckasvatba.cz\/?page_id=215#breadcrumb"},"inLanguage":"cs","potentialAction":[{"@type":"ReadAction","target":["https:\/\/www.reckasvatba.cz\/?page_id=215"]}]},{"@type":"BreadcrumbList","@id":"https:\/\/www.reckasvatba.cz\/?page_id=215#breadcrumb","itemListElement":[{"@type":"ListItem","position":1,"name":"Dom\u016f","item":"https:\/\/www.reckasvatba.cz\/"},{"@type":"ListItem","position":2,"name":"Za\u010d\u00edn\u00e1me s p\u0159\u00edpravou svatby","item":"https:\/\/www.reckasvatba.cz\/?page_id=27"},{"@type":"ListItem","position":3,"name":"Dokumenty"}]},{"@type":"WebSite","@id":"https:\/\/www.reckasvatba.cz\/#website","url":"https:\/\/www.reckasvatba.cz\/","name":"SVATBA V \u0158ECKU","description":"Svatby v \u0158ecku a na \u0159eck\u00fdch ostrovech","potentialAction":[{"@type":"SearchAction","target":{"@type":"EntryPoint","urlTemplate":"https:\/\/www.reckasvatba.cz\/?s={search_term_string}"},"query-input":"required name=search_term_string"}],"inLanguage":"cs"}]}},"jetpack_sharing_enabled":true,"jetpack_shortlink":"https:\/\/wp.me\/P8rUEV-3t","jetpack-related-posts":[{"id":27,"url":"https:\/\/www.reckasvatba.cz\/?page_id=27","url_meta":{"origin":215,"position":0},"title":"Za\u010d\u00edn\u00e1me s p\u0159\u00edpravou svatby","author":"recka","date":"26.2.2017","format":false,"excerpt":"Ur\u010dit\u011b m\u00e1te alespo\u0148 p\u0159ibli\u017enou p\u0159edstavu, jak by Va\u0161e vysn\u011bn\u00e1 svatba na \u0159eck\u00e9m ostrov\u011b m\u011bla vypadat. Mo\u017en\u00e1 jste inspiraci na\u010derpali z fotografi\u00ed, kter\u00e9 jste si prohl\u00e9dli, z filmu, kter\u00fd jste vid\u011bli anebo se V\u00e1\u0161 n\u00e1pad zrodil p\u0159\u00edmo na\u00a0 Va\u0161\u00ed dovolen\u00e9. Mo\u017en\u00e1 budete pot\u0159ebovat poradit a vybrat si z mo\u017enost\u00ed, kter\u00e9 destinace\u2026","rel":"","context":"Similar post","block_context":{"text":"Similar post","link":""},"img":{"alt_text":"","src":"https:\/\/i0.wp.com\/www.reckasvatba.cz\/wp-content\/uploads\/2017\/02\/img_churl00001-1-300x200.jpg?resize=350%2C200","width":350,"height":200},"classes":[]},{"id":16,"url":"https:\/\/www.reckasvatba.cz\/","url_meta":{"origin":215,"position":1},"title":"Svatba v \u0158ecku \/ Netradi\u010dn\u00ed svatby na \u0159eck\u00fdch ostrovech","author":"recka","date":"26.2.2017","format":false,"excerpt":"Mo\u017en\u00e1 ji\u017e del\u0161\u00ed dobu p\u0159em\u00fd\u0161l\u00edte o Va\u0161\u00ed svatb\u011b, o svatb\u011b, kter\u00e1 m\u00e1 b\u00fdt dnem \"D\" ve Va\u0161em \u017eivot\u011b a chcete ji pro\u017e\u00edt podle sv\u00fdch p\u0159edstav. Nechcete se p\u0159izp\u016fsobovat p\u0159\u00e1n\u00ed p\u0159\u00edbuzn\u00fdch a zvyk\u016fm, kter\u00e9 je nutno dodr\u017eovat p\u0159i svatb\u011b doma. Sn\u00edte o ob\u0159adu ve dvou jen za p\u0159\u00edtomnosti sv\u011bdk\u016f? Anebo chcete\u2026","rel":"","context":"Similar post","block_context":{"text":"Similar post","link":""},"img":{"alt_text":"","src":"https:\/\/i0.wp.com\/www.reckasvatba.cz\/wp-content\/uploads\/2024\/01\/033A7104.jpg?fit=1200%2C800&ssl=1&resize=350%2C200","width":350,"height":200,"srcset":"https:\/\/i0.wp.com\/www.reckasvatba.cz\/wp-content\/uploads\/2024\/01\/033A7104.jpg?fit=1200%2C800&ssl=1&resize=350%2C200 1x, https:\/\/i0.wp.com\/www.reckasvatba.cz\/wp-content\/uploads\/2024\/01\/033A7104.jpg?fit=1200%2C800&ssl=1&resize=525%2C300 1.5x, https:\/\/i0.wp.com\/www.reckasvatba.cz\/wp-content\/uploads\/2024\/01\/033A7104.jpg?fit=1200%2C800&ssl=1&resize=700%2C400 2x, https:\/\/i0.wp.com\/www.reckasvatba.cz\/wp-content\/uploads\/2024\/01\/033A7104.jpg?fit=1200%2C800&ssl=1&resize=1050%2C600 3x"},"classes":[]},{"id":1162,"url":"https:\/\/www.reckasvatba.cz\/?page_id=1162","url_meta":{"origin":215,"position":2},"title":"Svatba na Kosu","author":"recka","date":"10.1.2024","format":false,"excerpt":"Svatba na Kosu a spojen\u00e1 s n\u00ed svatebn\u00ed cesta bude zajist\u00e9 spojen\u00e1 se spoustou r\u016fznorod\u00fdch z\u00e1\u017eitk\u016f. Ostrov Kos nalezneme ve v\u00fdchodn\u00ed \u010d\u00e1sti Egejsk\u00e9ho mo\u0159e a i p\u0159es svou malou rozlohu je t\u0159et\u00edm nejv\u011bt\u0161\u00edm dodekan\u00e9sk\u00fdm ostrovem.\u00a0 Tento\u00a0Turecku\u00a0kousek vzd\u00e1len\u00fd zelen\u00fd r\u00e1j je naprosto zaslou\u017een\u011b jedn\u00edm z\u00a0nejobl\u00edben\u011bj\u0161\u00edch \u0159eck\u00fdch ostrov\u016f v\u016fbec. Kombinace n\u00e1dhern\u00fdch p\u00eds\u010dit\u00fdch\u2026","rel":"","context":"Similar post","block_context":{"text":"Similar post","link":""},"img":{"alt_text":"","src":"","width":0,"height":0},"classes":[]},{"id":1165,"url":"https:\/\/www.reckasvatba.cz\/?page_id=1165","url_meta":{"origin":215,"position":3},"title":"Svatba na Kosu","author":"recka","date":"10.1.2024","format":false,"excerpt":"Svatba na Kosu a spojen\u00e1 s n\u00ed svatebn\u00ed cesta bude zajist\u00e9 spojen\u00e1 se spoustou r\u016fznorod\u00fdch z\u00e1\u017eitk\u016f. Ostrov Kos nalezneme ve v\u00fdchodn\u00ed \u010d\u00e1sti Egejsk\u00e9ho mo\u0159e a i p\u0159es svou malou rozlohu je t\u0159et\u00edm nejv\u011bt\u0161\u00edm dodekan\u00e9sk\u00fdm ostrovem.\u00a0 Tento\u00a0Turecku\u00a0kousek vzd\u00e1len\u00fd zelen\u00fd r\u00e1j je naprosto zaslou\u017een\u011b jedn\u00edm z\u00a0nejobl\u00edben\u011bj\u0161\u00edch \u0159eck\u00fdch ostrov\u016f v\u016fbec. Kombinace n\u00e1dhern\u00fdch p\u00eds\u010dit\u00fdch\u2026","rel":"","context":"Similar post","block_context":{"text":"Similar post","link":""},"img":{"alt_text":"","src":"https:\/\/i0.wp.com\/www.reckasvatba.cz\/wp-content\/uploads\/2024\/01\/IMG_9409-scaled.jpg?fit=1200%2C800&ssl=1&resize=350%2C200","width":350,"height":200,"srcset":"https:\/\/i0.wp.com\/www.reckasvatba.cz\/wp-content\/uploads\/2024\/01\/IMG_9409-scaled.jpg?fit=1200%2C800&ssl=1&resize=350%2C200 1x, https:\/\/i0.wp.com\/www.reckasvatba.cz\/wp-content\/uploads\/2024\/01\/IMG_9409-scaled.jpg?fit=1200%2C800&ssl=1&resize=525%2C300 1.5x, https:\/\/i0.wp.com\/www.reckasvatba.cz\/wp-content\/uploads\/2024\/01\/IMG_9409-scaled.jpg?fit=1200%2C800&ssl=1&resize=700%2C400 2x, https:\/\/i0.wp.com\/www.reckasvatba.cz\/wp-content\/uploads\/2024\/01\/IMG_9409-scaled.jpg?fit=1200%2C800&ssl=1&resize=1050%2C600 3x"},"classes":[]},{"id":22,"url":"https:\/\/www.reckasvatba.cz\/?page_id=22","url_meta":{"origin":215,"position":4},"title":"Svatba na Kefalonii","author":"recka","date":"26.2.2017","format":false,"excerpt":"Kefalonie. Svatba na Kefalonii. Hlava J\u00f3nsk\u00fdch ostrov\u016f, jak se j\u00ed \u0159\u00edk\u00e1, a z\u00e1rove\u0148 nejv\u011bt\u0161\u00ed ostrov v souostrov\u00ed Heptan\u00e9zu, je zat\u00edm je\u0161t\u011b pom\u011brn\u011b m\u00e1lo zn\u00e1m. Do \u0161ir\u0161\u00edho pov\u011bdom\u00ed se Kefalonie dostala v roce 2000 d\u00edky nat\u00e1\u010den\u00ed americk\u00e9ho filmu \"Mandol\u00edna kapit\u00e1na Corelliho\". Hereck\u00fdm hv\u011bzd\u00e1m Pen\u00e9lope Cruz a Nicolasovi Cageovi se z\u0159ejm\u011b nav\u017edy\u2026","rel":"","context":"Similar post","block_context":{"text":"Similar post","link":""},"img":{"alt_text":"","src":"https:\/\/i0.wp.com\/www.reckasvatba.cz\/wp-content\/uploads\/2024\/01\/FM7C3274.jpg?fit=1024%2C683&ssl=1&resize=350%2C200","width":350,"height":200,"srcset":"https:\/\/i0.wp.com\/www.reckasvatba.cz\/wp-content\/uploads\/2024\/01\/FM7C3274.jpg?fit=1024%2C683&ssl=1&resize=350%2C200 1x, https:\/\/i0.wp.com\/www.reckasvatba.cz\/wp-content\/uploads\/2024\/01\/FM7C3274.jpg?fit=1024%2C683&ssl=1&resize=525%2C300 1.5x, https:\/\/i0.wp.com\/www.reckasvatba.cz\/wp-content\/uploads\/2024\/01\/FM7C3274.jpg?fit=1024%2C683&ssl=1&resize=700%2C400 2x"},"classes":[]},{"id":24,"url":"https:\/\/www.reckasvatba.cz\/?page_id=24","url_meta":{"origin":215,"position":5},"title":"Svatba na Ithace","author":"recka","date":"26.2.2017","format":false,"excerpt":"Svatba na Ithace m\u016f\u017ee b\u00fdt va\u0161im n\u00e1vratem do mythologie, do \u0159eck\u00fdch b\u00e1j\u00ed a m\u00fdt\u016f. Ostrov Ithaka se svou bohatou mythologi\u00ed je ostrovem, o kter\u00e9m se u\u010d\u00ed ji\u017e na z\u00e1kladn\u00ed \u0161kole. Kdo by neznal b\u00e1jn\u00e9ho Odyssea, ithack\u00e9ho kr\u00e1le, kter\u00fd proslul \u00fa\u010dast\u00ed v trojsk\u00e9 v\u00e1lce a kter\u00e9mu sl\u00e1vu p\u0159ineslo desetilet\u00e9 bloud\u011bn\u00ed po\u2026","rel":"","context":"Similar post","block_context":{"text":"Similar post","link":""},"img":{"alt_text":"","src":"https:\/\/i0.wp.com\/www.reckasvatba.cz\/wp-content\/uploads\/2018\/04\/20160709_202418.jpg?fit=1200%2C720&ssl=1&resize=350%2C200","width":350,"height":200,"srcset":"https:\/\/i0.wp.com\/www.reckasvatba.cz\/wp-content\/uploads\/2018\/04\/20160709_202418.jpg?fit=1200%2C720&ssl=1&resize=350%2C200 1x, https:\/\/i0.wp.com\/www.reckasvatba.cz\/wp-content\/uploads\/2018\/04\/20160709_202418.jpg?fit=1200%2C720&ssl=1&resize=525%2C300 1.5x, https:\/\/i0.wp.com\/www.reckasvatba.cz\/wp-content\/uploads\/2018\/04\/20160709_202418.jpg?fit=1200%2C720&ssl=1&resize=700%2C400 2x, https:\/\/i0.wp.com\/www.reckasvatba.cz\/wp-content\/uploads\/2018\/04\/20160709_202418.jpg?fit=1200%2C720&ssl=1&resize=1050%2C600 3x"},"classes":[]}],"_links":{"self":[{"href":"https:\/\/www.reckasvatba.cz\/index.php?rest_route=\/wp\/v2\/pages\/215"}],"collection":[{"href":"https:\/\/www.reckasvatba.cz\/index.php?rest_route=\/wp\/v2\/pages"}],"about":[{"href":"https:\/\/www.reckasvatba.cz\/index.php?rest_route=\/wp\/v2\/types\/page"}],"author":[{"embeddable":true,"href":"https:\/\/www.reckasvatba.cz\/index.php?rest_route=\/wp\/v2\/users\/1"}],"replies":[{"embeddable":true,"href":"https:\/\/www.reckasvatba.cz\/index.php?rest_route=%2Fwp%2Fv2%2Fcomments&post=215"}],"version-history":[{"count":4,"href":"https:\/\/www.reckasvatba.cz\/index.php?rest_route=\/wp\/v2\/pages\/215\/revisions"}],"predecessor-version":[{"id":220,"href":"https:\/\/www.reckasvatba.cz\/index.php?rest_route=\/wp\/v2\/pages\/215\/revisions\/220"}],"up":[{"embeddable":true,"href":"https:\/\/www.reckasvatba.cz\/index.php?rest_route=\/wp\/v2\/pages\/27"}],"wp:attachment":[{"href":"https:\/\/www.reckasvatba.cz\/index.php?rest_route=%2Fwp%2Fv2%2Fmedia&parent=215"}],"curies":[{"name":"wp","href":"https:\/\/api.w.org\/{rel}","templated":true}]}}