{"id":30,"date":"2017-02-26T10:46:12","date_gmt":"2017-02-26T09:46:12","guid":{"rendered":"http:\/\/www.reckasvatba.cz\/?page_id=30"},"modified":"2020-03-20T08:33:26","modified_gmt":"2020-03-20T07:33:26","slug":"kontakt","status":"publish","type":"page","link":"https:\/\/www.reckasvatba.cz\/?page_id=30","title":{"rendered":"Kontakt"},"content":{"rendered":"<p>Kontakt<\/p>\n<p><img data-attachment-id=\"525\" data-permalink=\"https:\/\/www.reckasvatba.cz\/?attachment_id=525\" data-orig-file=\"https:\/\/i0.wp.com\/www.reckasvatba.cz\/wp-content\/uploads\/2017\/02\/gamos-130917-4037.jpg?fit=3000%2C2004&amp;ssl=1\" data-orig-size=\"3000,2004\" data-comments-opened=\"1\" data-image-meta=\"{&quot;aperture&quot;:&quot;11&quot;,&quot;credit&quot;:&quot;&quot;,&quot;camera&quot;:&quot;ILCE-7S&quot;,&quot;caption&quot;:&quot;&quot;,&quot;created_timestamp&quot;:&quot;1505325479&quot;,&quot;copyright&quot;:&quot;&quot;,&quot;focal_length&quot;:&quot;57&quot;,&quot;iso&quot;:&quot;640&quot;,&quot;shutter_speed&quot;:&quot;0.004&quot;,&quot;title&quot;:&quot;&quot;,&quot;orientation&quot;:&quot;1&quot;}\" data-image-title=\"gamos 130917 4037\" data-image-description=\"\" data-image-caption=\"\" data-medium-file=\"https:\/\/i0.wp.com\/www.reckasvatba.cz\/wp-content\/uploads\/2017\/02\/gamos-130917-4037.jpg?fit=300%2C200&amp;ssl=1\" data-large-file=\"https:\/\/i0.wp.com\/www.reckasvatba.cz\/wp-content\/uploads\/2017\/02\/gamos-130917-4037.jpg?fit=525%2C351&amp;ssl=1\" decoding=\"async\" loading=\"lazy\" class=\"Kontakt alignnone wp-image-525 size-medium\" title=\"Kontakt\" src=\"https:\/\/i0.wp.com\/www.reckasvatba.cz\/wp-content\/uploads\/2017\/02\/gamos-130917-4037-300x200.jpg?resize=300%2C200\" alt=\"Svatba v \u0158ecku - spln\u011bn\u00fd sen...\" width=\"300\" height=\"200\" srcset=\"https:\/\/i0.wp.com\/www.reckasvatba.cz\/wp-content\/uploads\/2017\/02\/gamos-130917-4037.jpg?resize=300%2C200&amp;ssl=1 300w, https:\/\/i0.wp.com\/www.reckasvatba.cz\/wp-content\/uploads\/2017\/02\/gamos-130917-4037.jpg?resize=768%2C513&amp;ssl=1 768w, https:\/\/i0.wp.com\/www.reckasvatba.cz\/wp-content\/uploads\/2017\/02\/gamos-130917-4037.jpg?resize=1024%2C684&amp;ssl=1 1024w, https:\/\/i0.wp.com\/www.reckasvatba.cz\/wp-content\/uploads\/2017\/02\/gamos-130917-4037.jpg?w=1575&amp;ssl=1 1575w\" sizes=\"(max-width: 300px) 100vw, 300px\" data-recalc-dims=\"1\" \/><\/p>\n<p>Budeme pot\u011b\u0161eni, pokud n\u00e1m nap\u00ed\u0161ete na n\u00ed\u017ee uveden\u00e9 e-mailov\u00e9 adresy anebo se s n\u00e1mi spoj\u00edte telefonicky. Na vy\u017e\u00e1d\u00e1n\u00ed v\u00e1m za\u0161leme aktu\u00e1ln\u00ed cen\u00edk a katalog slu\u017eeb. Organizujeme svatby mal\u00e9 i velk\u00e9, soukrom\u00e9 i honosn\u00e9, tajn\u00e9, ofici\u00e1ln\u00ed i neofici\u00e1ln\u00ed (svatby na oko). Pokud chcete m\u00edt klidnou hlavu a spole\u010dn\u011b se svatbou si nechat za\u0159\u00eddit i dovolenou pro V\u00e1s a pro Va\u0161e hosty, r\u00e1di V\u00e1m budeme n\u00e1pomocni. D\u00edky na\u0161im dlouholet\u00fdm zku\u0161enostem a kontakt\u016fm s m\u00edstn\u00edmi V\u00e1m dok\u00e1\u017eeme doporu\u010dit hotel podle Va\u0161ich pot\u0159eb, zprost\u0159edkovat pron\u00e1jem vozu nebo sk\u00fatru v destinaci anebo objednat taxi.\u00a0 Pro snadn\u00fd kontakt vyu\u017eijte formul\u00e1\u0159e vespod.<\/p>\n<p><span style=\"color: #0000ff;\">e-mail: \u00a0 info@reckasvatba.cz<\/span><\/p>\n<p><span style=\"color: #0000ff;\">GR mob. 0030 69 700 13 802<\/span><br \/>\n<span style=\"color: #0000ff;\"> CS mob. 00420 606 517 318<\/span><\/p>\n<p>Pokud hled\u00e1te inspiraci anebo chcete sledovat novinky, mrkn\u011bte na na\u0161e FB str\u00e1nky:<\/p>\n<p><span style=\"color: #ff0000;\"><a style=\"color: #ff0000;\" href=\"http:\/\/www.facebook.com\/reckasvatba\">http:\/\/www.facebook.com\/reckasvatba<\/a><\/span><\/p>\n<h3>Pro Va\u0161i vysn\u011bnou svatbu zvolte profesionalitu a zku\u0161enost koordin\u00e1torek \u017eij\u00edc\u00edch na st\u00e1lo v \u0158ecku !<\/h3>\n<p>M\u00e1me dlouholetou zku\u0161enost s prac\u00ed v turistice. Va\u0161i spokojenost zaru\u010dujeme 15 -let\u00fdm pobytem v \u0158ecku a znalost\u00ed \u0159eck\u00fdch re\u00e1li\u00ed, v neposledn\u00ed \u0159ad\u011b pak i osobn\u00ed zku\u0161enost\u00ed se svatbou na ostrovech, kter\u00e9 m\u00e1me v nab\u00eddce.<\/p>\n<p>Na\u0161i nab\u00eddku neust\u00e1le roz\u0161i\u0159ujeme a zdokonalujeme. Pokud byste i p\u0159esto nena\u0161li to, co hled\u00e1te, napi\u0161te n\u00e1m a my se pokus\u00edme naj\u00edt \u0159e\u0161en\u00ed.<\/p>\n<p>Ka\u017ed\u00fd ob\u0159ad p\u0159ipravujeme individu\u00e1ln\u011b a naslouch\u00e1me p\u0159\u00e1n\u00edm na\u0161ich p\u00e1r\u016f k jejich \u00fapln\u00e9 spokojenosti. Na vy\u017e\u00e1d\u00e1n\u00ed V\u00e1m za\u0161leme cenovou nab\u00eddku. K uskute\u010dn\u011bn\u00ed pr\u00e1voplatn\u00e9 svatby v \u0158ecku budete pot\u0159ebovat\u00a0 nejd\u0159\u00edve ur\u010dit\u00e9 dokumenty. R\u00e1di v\u00e1m porad\u00edme jak a kde si o n\u011b m\u016f\u017eete za\u017e\u00e1dat. Na\u0161e \u017eivnost je registrov\u00e1na v \u010cesk\u00e9 republice a na ve\u0161ker\u00e9 slu\u017eby V\u00e1m vystav\u00edme faktury.<\/p>\n<p>T\u011b\u0161\u00edme se na V\u00e1s !!<\/p>\n<p>Kontaktn\u00ed formul\u00e1\u0159<\/p>\n<p>\n<div class=\"wpcf7 no-js\" id=\"wpcf7-f396-o1\" lang=\"cs-CZ\" dir=\"ltr\">\n<div class=\"screen-reader-response\"><p role=\"status\" aria-live=\"polite\" aria-atomic=\"true\"><\/p> <ul><\/ul><\/div>\n<form action=\"\/index.php?rest_route=%2Fwp%2Fv2%2Fpages%2F30#wpcf7-f396-o1\" method=\"post\" class=\"wpcf7-form init\" aria-label=\"Kontaktn\u00ed formul\u00e1\u0159\" novalidate=\"novalidate\" data-status=\"init\">\n<div style=\"display: none;\">\n<input type=\"hidden\" name=\"_wpcf7\" value=\"396\" \/>\n<input type=\"hidden\" name=\"_wpcf7_version\" value=\"5.9.8\" \/>\n<input type=\"hidden\" name=\"_wpcf7_locale\" value=\"cs_CZ\" \/>\n<input type=\"hidden\" name=\"_wpcf7_unit_tag\" value=\"wpcf7-f396-o1\" \/>\n<input type=\"hidden\" name=\"_wpcf7_container_post\" value=\"0\" \/>\n<input type=\"hidden\" name=\"_wpcf7_posted_data_hash\" value=\"\" \/>\n<input type=\"hidden\" name=\"_wpcf7_recaptcha_response\" value=\"\" \/>\n<\/div>\n<p><label> Va\u0161e jm\u00e9no (vy\u017eadov\u00e1no)<br \/>\n<span class=\"wpcf7-form-control-wrap\" data-name=\"your-name\"><input size=\"40\" maxlength=\"400\" class=\"wpcf7-form-control wpcf7-text wpcf7-validates-as-required\" aria-required=\"true\" aria-invalid=\"false\" value=\"\" type=\"text\" name=\"your-name\" \/><\/span> <\/label>\n<\/p>\n<p><label> V\u00e1\u0161 e-mail (vy\u017eadov\u00e1no)<br \/>\n<span class=\"wpcf7-form-control-wrap\" data-name=\"your-email\"><input size=\"40\" maxlength=\"400\" class=\"wpcf7-form-control wpcf7-email wpcf7-validates-as-required wpcf7-text wpcf7-validates-as-email\" aria-required=\"true\" aria-invalid=\"false\" value=\"\" type=\"email\" name=\"your-email\" \/><\/span> <\/label>\n<\/p>\n<p><label> P\u0159edm\u011bt<br \/>\n<span class=\"wpcf7-form-control-wrap\" data-name=\"your-subject\"><input size=\"40\" maxlength=\"400\" class=\"wpcf7-form-control wpcf7-text\" aria-invalid=\"false\" value=\"\" type=\"text\" name=\"your-subject\" \/><\/span> <\/label>\n<\/p>\n<p><label> Va\u0161e zpr\u00e1va<br \/>\n<span class=\"wpcf7-form-control-wrap\" data-name=\"your-message\"><textarea cols=\"40\" rows=\"10\" maxlength=\"2000\" class=\"wpcf7-form-control wpcf7-textarea\" aria-invalid=\"false\" name=\"your-message\"><\/textarea><\/span> <\/label>\n<\/p>\n<p><input class=\"wpcf7-form-control wpcf7-submit has-spinner\" type=\"submit\" value=\"Odeslat\" \/>\n<\/p><p style=\"display: none !important;\" class=\"akismet-fields-container\" data-prefix=\"_wpcf7_ak_\"><label>&#916;<textarea name=\"_wpcf7_ak_hp_textarea\" cols=\"45\" rows=\"8\" maxlength=\"100\"><\/textarea><\/label><input type=\"hidden\" id=\"ak_js_1\" name=\"_wpcf7_ak_js\" value=\"236\"\/><script>document.getElementById( \"ak_js_1\" ).setAttribute( \"value\", ( new Date() ).getTime() );<\/script><\/p><div class=\"wpcf7-response-output\" aria-hidden=\"true\"><\/div>\n<\/form>\n<\/div>\n<code><\/code><\/p>\n","protected":false},"excerpt":{"rendered":"<p>Kontakt Budeme pot\u011b\u0161eni, pokud n\u00e1m nap\u00ed\u0161ete na n\u00ed\u017ee uveden\u00e9 e-mailov\u00e9 adresy anebo se s n\u00e1mi spoj\u00edte telefonicky. Na vy\u017e\u00e1d\u00e1n\u00ed v\u00e1m za\u0161leme aktu\u00e1ln\u00ed cen\u00edk a katalog slu\u017eeb. Organizujeme svatby mal\u00e9 i velk\u00e9, soukrom\u00e9 i honosn\u00e9, tajn\u00e9, ofici\u00e1ln\u00ed i neofici\u00e1ln\u00ed (svatby na oko). Pokud chcete m\u00edt klidnou hlavu a spole\u010dn\u011b se svatbou si nechat za\u0159\u00eddit i dovolenou &hellip; <\/p>\n<p class=\"link-more\"><a href=\"https:\/\/www.reckasvatba.cz\/?page_id=30\" class=\"more-link\">Pokra\u010dovat ve \u010dten\u00ed<span class=\"screen-reader-text\"> &#8222;Kontakt&#8220;<\/span><\/a><\/p>\n","protected":false},"author":1,"featured_media":0,"parent":0,"menu_order":0,"comment_status":"closed","ping_status":"closed","template":"","meta":{"footnotes":""},"yoast_head":"<!-- This site is optimized with the Yoast SEO plugin v21.8 - https:\/\/yoast.com\/wordpress\/plugins\/seo\/ -->\n<title>Kontakt \u0158eck\u00e1 svatba, Kontaktn\u00ed formul\u00e1\u0159, pi\u0161te, volejte<\/title>\n<meta name=\"description\" content=\"Kontaktujte n\u00e1s, obratem obdr\u017e\u00edte plnou nab\u00eddku svateb v \u0158ecku. Volejte, e-mailujte nebo pou\u017eijte formul\u00e1\u0159e vespod str\u00e1nky. Kontakt.\" \/>\n<meta name=\"robots\" content=\"index, follow, max-snippet:-1, max-image-preview:large, max-video-preview:-1\" \/>\n<link rel=\"canonical\" href=\"https:\/\/www.reckasvatba.cz\/?page_id=30\" \/>\n<meta property=\"og:locale\" content=\"cs_CZ\" \/>\n<meta property=\"og:type\" content=\"article\" \/>\n<meta property=\"og:title\" content=\"Kontakt \u0158eck\u00e1 svatba, Kontaktn\u00ed formul\u00e1\u0159, pi\u0161te, volejte\" \/>\n<meta property=\"og:description\" content=\"Kontaktujte n\u00e1s, obratem obdr\u017e\u00edte plnou nab\u00eddku svateb v \u0158ecku. Volejte, e-mailujte nebo pou\u017eijte formul\u00e1\u0159e vespod str\u00e1nky. Kontakt.\" \/>\n<meta property=\"og:url\" content=\"https:\/\/www.reckasvatba.cz\/?page_id=30\" \/>\n<meta property=\"og:site_name\" content=\"SVATBA V \u0158ECKU\" \/>\n<meta property=\"article:modified_time\" content=\"2020-03-20T07:33:26+00:00\" \/>\n<meta property=\"og:image\" content=\"http:\/\/www.reckasvatba.cz\/wp-content\/uploads\/2017\/02\/gamos-130917-4037-300x200.jpg\" \/>\n<meta name=\"twitter:card\" content=\"summary_large_image\" \/>\n<meta name=\"twitter:label1\" content=\"Odhadovan\u00e1 doba \u010dten\u00ed\" \/>\n\t<meta name=\"twitter:data1\" content=\"2 minuty\" \/>\n<script type=\"application\/ld+json\" class=\"yoast-schema-graph\">{\"@context\":\"https:\/\/schema.org\",\"@graph\":[{\"@type\":\"WebPage\",\"@id\":\"https:\/\/www.reckasvatba.cz\/?page_id=30\",\"url\":\"https:\/\/www.reckasvatba.cz\/?page_id=30\",\"name\":\"Kontakt \u0158eck\u00e1 svatba, Kontaktn\u00ed formul\u00e1\u0159, pi\u0161te, volejte\",\"isPartOf\":{\"@id\":\"https:\/\/www.reckasvatba.cz\/#website\"},\"datePublished\":\"2017-02-26T09:46:12+00:00\",\"dateModified\":\"2020-03-20T07:33:26+00:00\",\"description\":\"Kontaktujte n\u00e1s, obratem obdr\u017e\u00edte plnou nab\u00eddku svateb v \u0158ecku. Volejte, e-mailujte nebo pou\u017eijte formul\u00e1\u0159e vespod str\u00e1nky. Kontakt.\",\"breadcrumb\":{\"@id\":\"https:\/\/www.reckasvatba.cz\/?page_id=30#breadcrumb\"},\"inLanguage\":\"cs\",\"potentialAction\":[{\"@type\":\"ReadAction\",\"target\":[\"https:\/\/www.reckasvatba.cz\/?page_id=30\"]}]},{\"@type\":\"BreadcrumbList\",\"@id\":\"https:\/\/www.reckasvatba.cz\/?page_id=30#breadcrumb\",\"itemListElement\":[{\"@type\":\"ListItem\",\"position\":1,\"name\":\"Dom\u016f\",\"item\":\"https:\/\/www.reckasvatba.cz\/\"},{\"@type\":\"ListItem\",\"position\":2,\"name\":\"Kontakt\"}]},{\"@type\":\"WebSite\",\"@id\":\"https:\/\/www.reckasvatba.cz\/#website\",\"url\":\"https:\/\/www.reckasvatba.cz\/\",\"name\":\"SVATBA V \u0158ECKU\",\"description\":\"Svatby v \u0158ecku a na \u0159eck\u00fdch ostrovech\",\"potentialAction\":[{\"@type\":\"SearchAction\",\"target\":{\"@type\":\"EntryPoint\",\"urlTemplate\":\"https:\/\/www.reckasvatba.cz\/?s={search_term_string}\"},\"query-input\":\"required name=search_term_string\"}],\"inLanguage\":\"cs\"}]}<\/script>\n<!-- \/ Yoast SEO plugin. -->","yoast_head_json":{"title":"Kontakt \u0158eck\u00e1 svatba, Kontaktn\u00ed formul\u00e1\u0159, pi\u0161te, volejte","description":"Kontaktujte n\u00e1s, obratem obdr\u017e\u00edte plnou nab\u00eddku svateb v \u0158ecku. Volejte, e-mailujte nebo pou\u017eijte formul\u00e1\u0159e vespod str\u00e1nky. Kontakt.","robots":{"index":"index","follow":"follow","max-snippet":"max-snippet:-1","max-image-preview":"max-image-preview:large","max-video-preview":"max-video-preview:-1"},"canonical":"https:\/\/www.reckasvatba.cz\/?page_id=30","og_locale":"cs_CZ","og_type":"article","og_title":"Kontakt \u0158eck\u00e1 svatba, Kontaktn\u00ed formul\u00e1\u0159, pi\u0161te, volejte","og_description":"Kontaktujte n\u00e1s, obratem obdr\u017e\u00edte plnou nab\u00eddku svateb v \u0158ecku. Volejte, e-mailujte nebo pou\u017eijte formul\u00e1\u0159e vespod str\u00e1nky. Kontakt.","og_url":"https:\/\/www.reckasvatba.cz\/?page_id=30","og_site_name":"SVATBA V \u0158ECKU","article_modified_time":"2020-03-20T07:33:26+00:00","og_image":[{"url":"http:\/\/www.reckasvatba.cz\/wp-content\/uploads\/2017\/02\/gamos-130917-4037-300x200.jpg"}],"twitter_card":"summary_large_image","twitter_misc":{"Odhadovan\u00e1 doba \u010dten\u00ed":"2 minuty"},"schema":{"@context":"https:\/\/schema.org","@graph":[{"@type":"WebPage","@id":"https:\/\/www.reckasvatba.cz\/?page_id=30","url":"https:\/\/www.reckasvatba.cz\/?page_id=30","name":"Kontakt \u0158eck\u00e1 svatba, Kontaktn\u00ed formul\u00e1\u0159, pi\u0161te, volejte","isPartOf":{"@id":"https:\/\/www.reckasvatba.cz\/#website"},"datePublished":"2017-02-26T09:46:12+00:00","dateModified":"2020-03-20T07:33:26+00:00","description":"Kontaktujte n\u00e1s, obratem obdr\u017e\u00edte plnou nab\u00eddku svateb v \u0158ecku. Volejte, e-mailujte nebo pou\u017eijte formul\u00e1\u0159e vespod str\u00e1nky. Kontakt.","breadcrumb":{"@id":"https:\/\/www.reckasvatba.cz\/?page_id=30#breadcrumb"},"inLanguage":"cs","potentialAction":[{"@type":"ReadAction","target":["https:\/\/www.reckasvatba.cz\/?page_id=30"]}]},{"@type":"BreadcrumbList","@id":"https:\/\/www.reckasvatba.cz\/?page_id=30#breadcrumb","itemListElement":[{"@type":"ListItem","position":1,"name":"Dom\u016f","item":"https:\/\/www.reckasvatba.cz\/"},{"@type":"ListItem","position":2,"name":"Kontakt"}]},{"@type":"WebSite","@id":"https:\/\/www.reckasvatba.cz\/#website","url":"https:\/\/www.reckasvatba.cz\/","name":"SVATBA V \u0158ECKU","description":"Svatby v \u0158ecku a na \u0159eck\u00fdch ostrovech","potentialAction":[{"@type":"SearchAction","target":{"@type":"EntryPoint","urlTemplate":"https:\/\/www.reckasvatba.cz\/?s={search_term_string}"},"query-input":"required name=search_term_string"}],"inLanguage":"cs"}]}},"jetpack_sharing_enabled":true,"jetpack_shortlink":"https:\/\/wp.me\/P8rUEV-u","jetpack-related-posts":[{"id":23,"url":"https:\/\/www.reckasvatba.cz\/?page_id=23","url_meta":{"origin":30,"position":0},"title":"Svatba na Zakynthosu","author":"recka","date":"26.2.2017","format":false,"excerpt":"Svatba na Zakynthosu je snem mnoha p\u00e1r\u016f. Charakteristick\u00e1 b\u00edl\u00e1 a modr\u00e1, kter\u00e9 jsou n\u00e1rodn\u00edmi barvami \u0158ecka, zde dominuj\u00ed. Spole\u010dn\u011b se zelenou - barvou hust\u00fdch cip\u0159\u00ed\u0161ov\u00fdch h\u00e1j\u016f a sad\u016f olivovn\u00edk\u016f lahod\u00ed oku n\u00e1v\u0161t\u011bvn\u00edka.\u00a0 Zakynthos l\u00e1k\u00e1 p\u0159ekr\u00e1sn\u00fdmi pl\u00e1\u017eemi, mezi kter\u00fdmi se vyj\u00edm\u00e1 nedostupn\u00e1 pl\u00e1\u017e Navajo s vrakem pa\u0161er\u00e1ck\u00e9 lodi. Na Navajo lze\u2026","rel":"","context":"Similar post","block_context":{"text":"Similar post","link":""},"img":{"alt_text":"","src":"https:\/\/i0.wp.com\/www.reckasvatba.cz\/wp-content\/uploads\/2024\/10\/9C8A7790-300x200.jpg?resize=350%2C200&ssl=1","width":350,"height":200},"classes":[]},{"id":26,"url":"https:\/\/www.reckasvatba.cz\/?page_id=26","url_meta":{"origin":30,"position":1},"title":"Svatba na Santorini","author":"recka","date":"26.2.2017","format":false,"excerpt":"Kdopak by neznal Santorini, vyj\u00edme\u010dn\u00fd \u0159eck\u00fd ostrov le\u017e\u00edc\u00ed v souostrov\u00ed Kykl\u00e1d. Je jako stvo\u0159en\u00fd pro svatbu, a to nejen d\u00edky scen\u00e9ri\u00edm, kter\u00e9 jsou k vid\u011bn\u00ed z ka\u017ed\u00e9ho v\u00fd\u0161e polo\u017een\u00e9ho m\u00edsta. Charakteristick\u00e9 terasy a vyhl\u00eddky, na kter\u00e9 p\u0159ich\u00e1zej\u00ed milenci a p\u00e1ry pozorovat dechberouc\u00ed z\u00e1pady slunce, panor\u00e1ma mo\u0159e a b\u00edl\u00e9 vesni\u010dky, kontrastuj\u00edc\u00ed\u2026","rel":"","context":"Similar post","block_context":{"text":"Similar post","link":""},"img":{"alt_text":"","src":"https:\/\/i0.wp.com\/www.reckasvatba.cz\/wp-content\/uploads\/2024\/01\/1-1555-scaled.jpg?fit=1200%2C800&ssl=1&resize=350%2C200","width":350,"height":200,"srcset":"https:\/\/i0.wp.com\/www.reckasvatba.cz\/wp-content\/uploads\/2024\/01\/1-1555-scaled.jpg?fit=1200%2C800&ssl=1&resize=350%2C200 1x, https:\/\/i0.wp.com\/www.reckasvatba.cz\/wp-content\/uploads\/2024\/01\/1-1555-scaled.jpg?fit=1200%2C800&ssl=1&resize=525%2C300 1.5x, https:\/\/i0.wp.com\/www.reckasvatba.cz\/wp-content\/uploads\/2024\/01\/1-1555-scaled.jpg?fit=1200%2C800&ssl=1&resize=700%2C400 2x, https:\/\/i0.wp.com\/www.reckasvatba.cz\/wp-content\/uploads\/2024\/01\/1-1555-scaled.jpg?fit=1200%2C800&ssl=1&resize=1050%2C600 3x"},"classes":[]},{"id":25,"url":"https:\/\/www.reckasvatba.cz\/?page_id=25","url_meta":{"origin":30,"position":2},"title":"Svatba na Korfu","author":"recka","date":"26.2.2017","format":false,"excerpt":"Korfu. Svatba na Korfu. Svatba na Korfu je zajist\u00e9 snem nejedn\u00e9 nev\u011bsty. I kdy\u017e je Kerkyra, jak ostrovu \u0158ekov\u00e9 \u0159\u00edkaj\u00ed, v nab\u00eddce t\u00e9m\u011b\u0159 ka\u017ed\u00e9 cestovn\u00ed kancel\u00e1\u0159e, jako svatebn\u00ed destinace nen\u00ed p\u0159\u00edli\u0161 zn\u00e1m\u00e1. Na\u0161im c\u00edlem bylo a v\u017edy bude prolomit stereotypy a nab\u00eddnout V\u00e1m - draz\u00ed snoubenci- n\u011bco nov\u00e9ho a neokoukan\u00e9ho.\u2026","rel":"","context":"Similar post","block_context":{"text":"Similar post","link":""},"img":{"alt_text":"","src":"https:\/\/i0.wp.com\/www.reckasvatba.cz\/wp-content\/uploads\/2017\/02\/virgin-mary-monastery.jpg?fit=1200%2C543&ssl=1&resize=350%2C200","width":350,"height":200,"srcset":"https:\/\/i0.wp.com\/www.reckasvatba.cz\/wp-content\/uploads\/2017\/02\/virgin-mary-monastery.jpg?fit=1200%2C543&ssl=1&resize=350%2C200 1x, https:\/\/i0.wp.com\/www.reckasvatba.cz\/wp-content\/uploads\/2017\/02\/virgin-mary-monastery.jpg?fit=1200%2C543&ssl=1&resize=525%2C300 1.5x, https:\/\/i0.wp.com\/www.reckasvatba.cz\/wp-content\/uploads\/2017\/02\/virgin-mary-monastery.jpg?fit=1200%2C543&ssl=1&resize=700%2C400 2x, https:\/\/i0.wp.com\/www.reckasvatba.cz\/wp-content\/uploads\/2017\/02\/virgin-mary-monastery.jpg?fit=1200%2C543&ssl=1&resize=1050%2C600 3x"},"classes":[]},{"id":16,"url":"https:\/\/www.reckasvatba.cz\/","url_meta":{"origin":30,"position":3},"title":"Svatba v \u0158ecku \/ Netradi\u010dn\u00ed svatby na \u0159eck\u00fdch ostrovech","author":"recka","date":"26.2.2017","format":false,"excerpt":"Mo\u017en\u00e1 ji\u017e del\u0161\u00ed dobu p\u0159em\u00fd\u0161l\u00edte o Va\u0161\u00ed svatb\u011b, o svatb\u011b, kter\u00e1 m\u00e1 b\u00fdt dnem \"D\" ve Va\u0161em \u017eivot\u011b a chcete ji pro\u017e\u00edt podle sv\u00fdch p\u0159edstav. Nechcete se p\u0159izp\u016fsobovat p\u0159\u00e1n\u00ed p\u0159\u00edbuzn\u00fdch a zvyk\u016fm, kter\u00e9 je nutno dodr\u017eovat p\u0159i svatb\u011b doma. Sn\u00edte o ob\u0159adu ve dvou jen za p\u0159\u00edtomnosti sv\u011bdk\u016f? Anebo chcete\u2026","rel":"","context":"Similar post","block_context":{"text":"Similar post","link":""},"img":{"alt_text":"","src":"https:\/\/i0.wp.com\/www.reckasvatba.cz\/wp-content\/uploads\/2024\/01\/033A7104.jpg?fit=1200%2C800&ssl=1&resize=350%2C200","width":350,"height":200,"srcset":"https:\/\/i0.wp.com\/www.reckasvatba.cz\/wp-content\/uploads\/2024\/01\/033A7104.jpg?fit=1200%2C800&ssl=1&resize=350%2C200 1x, https:\/\/i0.wp.com\/www.reckasvatba.cz\/wp-content\/uploads\/2024\/01\/033A7104.jpg?fit=1200%2C800&ssl=1&resize=525%2C300 1.5x, https:\/\/i0.wp.com\/www.reckasvatba.cz\/wp-content\/uploads\/2024\/01\/033A7104.jpg?fit=1200%2C800&ssl=1&resize=700%2C400 2x, https:\/\/i0.wp.com\/www.reckasvatba.cz\/wp-content\/uploads\/2024\/01\/033A7104.jpg?fit=1200%2C800&ssl=1&resize=1050%2C600 3x"},"classes":[]},{"id":27,"url":"https:\/\/www.reckasvatba.cz\/?page_id=27","url_meta":{"origin":30,"position":4},"title":"Za\u010d\u00edn\u00e1me s p\u0159\u00edpravou svatby","author":"recka","date":"26.2.2017","format":false,"excerpt":"Ur\u010dit\u011b m\u00e1te alespo\u0148 p\u0159ibli\u017enou p\u0159edstavu, jak by Va\u0161e vysn\u011bn\u00e1 svatba na \u0159eck\u00e9m ostrov\u011b m\u011bla vypadat. Mo\u017en\u00e1 jste inspiraci na\u010derpali z fotografi\u00ed, kter\u00e9 jste si prohl\u00e9dli, z filmu, kter\u00fd jste vid\u011bli anebo se V\u00e1\u0161 n\u00e1pad zrodil p\u0159\u00edmo na\u00a0 Va\u0161\u00ed dovolen\u00e9. Mo\u017en\u00e1 budete pot\u0159ebovat poradit a vybrat si z mo\u017enost\u00ed, kter\u00e9 destinace\u2026","rel":"","context":"Similar post","block_context":{"text":"Similar post","link":""},"img":{"alt_text":"","src":"https:\/\/i0.wp.com\/www.reckasvatba.cz\/wp-content\/uploads\/2017\/02\/img_churl00001-1-300x200.jpg?resize=350%2C200","width":350,"height":200},"classes":[]},{"id":24,"url":"https:\/\/www.reckasvatba.cz\/?page_id=24","url_meta":{"origin":30,"position":5},"title":"Svatba na Ithace","author":"recka","date":"26.2.2017","format":false,"excerpt":"Svatba na Ithace m\u016f\u017ee b\u00fdt va\u0161im n\u00e1vratem do mythologie, do \u0159eck\u00fdch b\u00e1j\u00ed a m\u00fdt\u016f. Ostrov Ithaka se svou bohatou mythologi\u00ed je ostrovem, o kter\u00e9m se u\u010d\u00ed ji\u017e na z\u00e1kladn\u00ed \u0161kole. Kdo by neznal b\u00e1jn\u00e9ho Odyssea, ithack\u00e9ho kr\u00e1le, kter\u00fd proslul \u00fa\u010dast\u00ed v trojsk\u00e9 v\u00e1lce a kter\u00e9mu sl\u00e1vu p\u0159ineslo desetilet\u00e9 bloud\u011bn\u00ed po\u2026","rel":"","context":"Similar post","block_context":{"text":"Similar post","link":""},"img":{"alt_text":"","src":"https:\/\/i0.wp.com\/www.reckasvatba.cz\/wp-content\/uploads\/2018\/04\/20160709_202418.jpg?fit=1200%2C720&ssl=1&resize=350%2C200","width":350,"height":200,"srcset":"https:\/\/i0.wp.com\/www.reckasvatba.cz\/wp-content\/uploads\/2018\/04\/20160709_202418.jpg?fit=1200%2C720&ssl=1&resize=350%2C200 1x, https:\/\/i0.wp.com\/www.reckasvatba.cz\/wp-content\/uploads\/2018\/04\/20160709_202418.jpg?fit=1200%2C720&ssl=1&resize=525%2C300 1.5x, https:\/\/i0.wp.com\/www.reckasvatba.cz\/wp-content\/uploads\/2018\/04\/20160709_202418.jpg?fit=1200%2C720&ssl=1&resize=700%2C400 2x, https:\/\/i0.wp.com\/www.reckasvatba.cz\/wp-content\/uploads\/2018\/04\/20160709_202418.jpg?fit=1200%2C720&ssl=1&resize=1050%2C600 3x"},"classes":[]}],"_links":{"self":[{"href":"https:\/\/www.reckasvatba.cz\/index.php?rest_route=\/wp\/v2\/pages\/30"}],"collection":[{"href":"https:\/\/www.reckasvatba.cz\/index.php?rest_route=\/wp\/v2\/pages"}],"about":[{"href":"https:\/\/www.reckasvatba.cz\/index.php?rest_route=\/wp\/v2\/types\/page"}],"author":[{"embeddable":true,"href":"https:\/\/www.reckasvatba.cz\/index.php?rest_route=\/wp\/v2\/users\/1"}],"replies":[{"embeddable":true,"href":"https:\/\/www.reckasvatba.cz\/index.php?rest_route=%2Fwp%2Fv2%2Fcomments&post=30"}],"version-history":[{"count":24,"href":"https:\/\/www.reckasvatba.cz\/index.php?rest_route=\/wp\/v2\/pages\/30\/revisions"}],"predecessor-version":[{"id":1025,"href":"https:\/\/www.reckasvatba.cz\/index.php?rest_route=\/wp\/v2\/pages\/30\/revisions\/1025"}],"wp:attachment":[{"href":"https:\/\/www.reckasvatba.cz\/index.php?rest_route=%2Fwp%2Fv2%2Fmedia&parent=30"}],"curies":[{"name":"wp","href":"https:\/\/api.w.org\/{rel}","templated":true}]}}