{"id":556,"date":"2017-10-10T19:17:21","date_gmt":"2017-10-10T17:17:21","guid":{"rendered":"http:\/\/www.reckasvatba.cz\/?page_id=556"},"modified":"2018-10-25T14:02:43","modified_gmt":"2018-10-25T12:02:43","slug":"reference","status":"publish","type":"page","link":"https:\/\/www.reckasvatba.cz\/?page_id=556","title":{"rendered":"Renata a Petr, Kefalonie"},"content":{"rendered":"<p>Reference Renata a Petr, Kefalonie 2017<\/p>\n<p>V\u0161em, kdo si cht\u011bj\u00ed splnit sen stejn\u011b jako j\u00e1 a m\u016fj mu\u017e &#8211; vz\u00edt se v \u0158ecku, tak DOPORU\u010cUJI \u0158ECKOU SVATBU (na\u0161i skv\u011blou Maggie :)). M\u011bli jsme p\u0159edstavu jak si ten n\u00e1\u0161 den p\u0159ejeme a nakonec to bylo neskute\u010dn\u00fd &#8230; poh\u00e1dka v re\u00e1lu&#8230; Ned\u00e1 se to popsat, mus\u00edte to pro\u017e\u00edt&#8230; Od prvn\u00edho do posledn\u00edho okam\u017eiku. D\u011bkujeme!<\/p>\n<p>Renata a Petr, Kefalonie<\/p>\n","protected":false},"excerpt":{"rendered":"<p>Reference Renata a Petr, Kefalonie 2017 V\u0161em, kdo si cht\u011bj\u00ed splnit sen stejn\u011b jako j\u00e1 a m\u016fj mu\u017e &#8211; vz\u00edt se v \u0158ecku, tak DOPORU\u010cUJI \u0158ECKOU SVATBU (na\u0161i skv\u011blou Maggie :)). M\u011bli jsme p\u0159edstavu jak si ten n\u00e1\u0161 den p\u0159ejeme a nakonec to bylo neskute\u010dn\u00fd &#8230; poh\u00e1dka v re\u00e1lu&#8230; Ned\u00e1 se to popsat, mus\u00edte to &hellip; <\/p>\n<p class=\"link-more\"><a href=\"https:\/\/www.reckasvatba.cz\/?page_id=556\" class=\"more-link\">Pokra\u010dovat ve \u010dten\u00ed<span class=\"screen-reader-text\"> &#8222;Renata a Petr, Kefalonie&#8220;<\/span><\/a><\/p>\n","protected":false},"author":1,"featured_media":0,"parent":28,"menu_order":3,"comment_status":"closed","ping_status":"closed","template":"","meta":{"footnotes":""},"yoast_head":"<!-- This site is optimized with the Yoast SEO plugin v21.8 - https:\/\/yoast.com\/wordpress\/plugins\/seo\/ -->\n<title>Renata a Petr, Kefalonie &#8226; SVATBA V \u0158ECKU reference<\/title>\n<meta name=\"description\" content=\"Reference svateb v \u0158ecku. Jak jsme si to p\u0159edstavovali a jak\u00e9 to nakonec bylo. Doporu\u010den\u00ed klient\u016f a jejich ohlasy na svatbu v \u0158ecku\" \/>\n<meta name=\"robots\" content=\"index, follow, max-snippet:-1, max-image-preview:large, max-video-preview:-1\" \/>\n<link rel=\"canonical\" href=\"https:\/\/www.reckasvatba.cz\/?page_id=556\" \/>\n<meta property=\"og:locale\" content=\"cs_CZ\" \/>\n<meta property=\"og:type\" content=\"article\" \/>\n<meta property=\"og:title\" content=\"Renata a Petr, Kefalonie &#8226; SVATBA V \u0158ECKU reference\" \/>\n<meta property=\"og:description\" content=\"Reference svateb v \u0158ecku. Jak jsme si to p\u0159edstavovali a jak\u00e9 to nakonec bylo. Doporu\u010den\u00ed klient\u016f a jejich ohlasy na svatbu v \u0158ecku\" \/>\n<meta property=\"og:url\" content=\"https:\/\/www.reckasvatba.cz\/?page_id=556\" \/>\n<meta property=\"og:site_name\" content=\"SVATBA V \u0158ECKU\" \/>\n<meta property=\"article:modified_time\" content=\"2018-10-25T12:02:43+00:00\" \/>\n<meta name=\"twitter:card\" content=\"summary_large_image\" \/>\n<script type=\"application\/ld+json\" class=\"yoast-schema-graph\">{\"@context\":\"https:\/\/schema.org\",\"@graph\":[{\"@type\":\"WebPage\",\"@id\":\"https:\/\/www.reckasvatba.cz\/?page_id=556\",\"url\":\"https:\/\/www.reckasvatba.cz\/?page_id=556\",\"name\":\"Renata a Petr, Kefalonie &#8226; SVATBA V \u0158ECKU reference\",\"isPartOf\":{\"@id\":\"https:\/\/www.reckasvatba.cz\/#website\"},\"datePublished\":\"2017-10-10T17:17:21+00:00\",\"dateModified\":\"2018-10-25T12:02:43+00:00\",\"description\":\"Reference svateb v \u0158ecku. Jak jsme si to p\u0159edstavovali a jak\u00e9 to nakonec bylo. Doporu\u010den\u00ed klient\u016f a jejich ohlasy na svatbu v \u0158ecku\",\"breadcrumb\":{\"@id\":\"https:\/\/www.reckasvatba.cz\/?page_id=556#breadcrumb\"},\"inLanguage\":\"cs\",\"potentialAction\":[{\"@type\":\"ReadAction\",\"target\":[\"https:\/\/www.reckasvatba.cz\/?page_id=556\"]}]},{\"@type\":\"BreadcrumbList\",\"@id\":\"https:\/\/www.reckasvatba.cz\/?page_id=556#breadcrumb\",\"itemListElement\":[{\"@type\":\"ListItem\",\"position\":1,\"name\":\"Dom\u016f\",\"item\":\"https:\/\/www.reckasvatba.cz\/\"},{\"@type\":\"ListItem\",\"position\":2,\"name\":\"Reference\",\"item\":\"https:\/\/www.reckasvatba.cz\/?page_id=28\"},{\"@type\":\"ListItem\",\"position\":3,\"name\":\"Renata a Petr, Kefalonie\"}]},{\"@type\":\"WebSite\",\"@id\":\"https:\/\/www.reckasvatba.cz\/#website\",\"url\":\"https:\/\/www.reckasvatba.cz\/\",\"name\":\"SVATBA V \u0158ECKU\",\"description\":\"Svatby v \u0158ecku a na \u0159eck\u00fdch ostrovech\",\"potentialAction\":[{\"@type\":\"SearchAction\",\"target\":{\"@type\":\"EntryPoint\",\"urlTemplate\":\"https:\/\/www.reckasvatba.cz\/?s={search_term_string}\"},\"query-input\":\"required name=search_term_string\"}],\"inLanguage\":\"cs\"}]}<\/script>\n<!-- \/ Yoast SEO plugin. -->","yoast_head_json":{"title":"Renata a Petr, Kefalonie &#8226; SVATBA V \u0158ECKU reference","description":"Reference svateb v \u0158ecku. Jak jsme si to p\u0159edstavovali a jak\u00e9 to nakonec bylo. Doporu\u010den\u00ed klient\u016f a jejich ohlasy na svatbu v \u0158ecku","robots":{"index":"index","follow":"follow","max-snippet":"max-snippet:-1","max-image-preview":"max-image-preview:large","max-video-preview":"max-video-preview:-1"},"canonical":"https:\/\/www.reckasvatba.cz\/?page_id=556","og_locale":"cs_CZ","og_type":"article","og_title":"Renata a Petr, Kefalonie &#8226; SVATBA V \u0158ECKU reference","og_description":"Reference svateb v \u0158ecku. Jak jsme si to p\u0159edstavovali a jak\u00e9 to nakonec bylo. Doporu\u010den\u00ed klient\u016f a jejich ohlasy na svatbu v \u0158ecku","og_url":"https:\/\/www.reckasvatba.cz\/?page_id=556","og_site_name":"SVATBA V \u0158ECKU","article_modified_time":"2018-10-25T12:02:43+00:00","twitter_card":"summary_large_image","schema":{"@context":"https:\/\/schema.org","@graph":[{"@type":"WebPage","@id":"https:\/\/www.reckasvatba.cz\/?page_id=556","url":"https:\/\/www.reckasvatba.cz\/?page_id=556","name":"Renata a Petr, Kefalonie &#8226; SVATBA V \u0158ECKU reference","isPartOf":{"@id":"https:\/\/www.reckasvatba.cz\/#website"},"datePublished":"2017-10-10T17:17:21+00:00","dateModified":"2018-10-25T12:02:43+00:00","description":"Reference svateb v \u0158ecku. Jak jsme si to p\u0159edstavovali a jak\u00e9 to nakonec bylo. Doporu\u010den\u00ed klient\u016f a jejich ohlasy na svatbu v \u0158ecku","breadcrumb":{"@id":"https:\/\/www.reckasvatba.cz\/?page_id=556#breadcrumb"},"inLanguage":"cs","potentialAction":[{"@type":"ReadAction","target":["https:\/\/www.reckasvatba.cz\/?page_id=556"]}]},{"@type":"BreadcrumbList","@id":"https:\/\/www.reckasvatba.cz\/?page_id=556#breadcrumb","itemListElement":[{"@type":"ListItem","position":1,"name":"Dom\u016f","item":"https:\/\/www.reckasvatba.cz\/"},{"@type":"ListItem","position":2,"name":"Reference","item":"https:\/\/www.reckasvatba.cz\/?page_id=28"},{"@type":"ListItem","position":3,"name":"Renata a Petr, Kefalonie"}]},{"@type":"WebSite","@id":"https:\/\/www.reckasvatba.cz\/#website","url":"https:\/\/www.reckasvatba.cz\/","name":"SVATBA V \u0158ECKU","description":"Svatby v \u0158ecku a na \u0159eck\u00fdch ostrovech","potentialAction":[{"@type":"SearchAction","target":{"@type":"EntryPoint","urlTemplate":"https:\/\/www.reckasvatba.cz\/?s={search_term_string}"},"query-input":"required name=search_term_string"}],"inLanguage":"cs"}]}},"jetpack_sharing_enabled":true,"jetpack_shortlink":"https:\/\/wp.me\/P8rUEV-8Y","jetpack-related-posts":[{"id":28,"url":"https:\/\/www.reckasvatba.cz\/?page_id=28","url_meta":{"origin":556,"position":0},"title":"Reference","author":"recka","date":"26.2.2017","format":false,"excerpt":"Reference a hodnocen\u00ed spolupr\u00e1ce V odkazech naleznete reference a zku\u0161enosti na\u0161ich p\u00e1r\u016f, kter\u00e9 sv\u011b\u0159ily organizaci sv\u00e9ho nejd\u016fle\u017eit\u011bj\u0161\u00edho dne na\u0161\u00ed agentu\u0159e. Hodnocen\u00ed spolupr\u00e1ce na\u0161ich p\u00e1r\u016f a jejich reference vych\u00e1zej\u00ed z jejich dopis\u016f a e-mail\u016f zaslan\u00fdch na adresu na\u0161\u00ed agentury. Tereza a Martin, Kefalonie Zuzana a Marek, Zakynthos Renata a Petr, Kefalonie\u2026","rel":"","context":"Similar post","block_context":{"text":"Similar post","link":""},"img":{"alt_text":"","src":"https:\/\/i0.wp.com\/www.reckasvatba.cz\/wp-content\/uploads\/2017\/02\/dsc01636-300x200.jpg?resize=350%2C200","width":350,"height":200},"classes":[]},{"id":830,"url":"https:\/\/www.reckasvatba.cz\/?page_id=830","url_meta":{"origin":556,"position":1},"title":"Kl\u00e1ra a Petr, Kefalonie","author":"recka","date":"3.9.2018","format":false,"excerpt":"Pokud se rozhodnete pro svatbu u mo\u0159e, tak jedin\u011b s Meggie. \u00da\u017easn\u00e1 domluva i na d\u00e1lku, v\u0161echno skv\u011ble za\u0159\u00edzen\u00e9 od za\u010d\u00e1tku a\u017e do konce. Byl to pro n\u00e1s n\u00e1dhern\u00fd z\u00e1\u017eitek a mohu jenom v\u0161em doporu\u010dit! D\u011bkujeme za v\u0161e\ud83d\ude18","rel":"","context":"Similar post","block_context":{"text":"Similar post","link":""},"img":{"alt_text":"","src":"","width":0,"height":0},"classes":[]},{"id":1124,"url":"https:\/\/www.reckasvatba.cz\/?page_id=1124","url_meta":{"origin":556,"position":2},"title":"B\u00e1ra a Petr, Kefalonie","author":"recka","date":"26.1.2021","format":false,"excerpt":"P\u0159edstavovali jsme si sv\u016fj den kr\u00e1sn\u011b, ale d\u00edky Maggie to bylo nepopsateln\u00e9, dokonal\u00e9 Moc d\u011bkujeme, Maggie, za osobn\u00ed p\u0159\u00edstup, nikdy nebudeme litovat, \u017ee jsme se rozhodli n\u00e1\u0161 den uskute\u010dnit s V\u00e1mi a t\u00edmto stylem. V\u0161e n\u00e1dhern\u011b p\u0159ipraven\u00e9, skv\u011bl\u00e1 komunikace, nic nen\u00ed nemo\u017en\u00e9 opravdu jsme m\u011bli pocit, \u017ee Maggie je tu\u2026","rel":"","context":"Similar post","block_context":{"text":"Similar post","link":""},"img":{"alt_text":"","src":"","width":0,"height":0},"classes":[]},{"id":22,"url":"https:\/\/www.reckasvatba.cz\/?page_id=22","url_meta":{"origin":556,"position":3},"title":"Svatba na Kefalonii","author":"recka","date":"26.2.2017","format":false,"excerpt":"Kefalonie. Svatba na Kefalonii. Hlava J\u00f3nsk\u00fdch ostrov\u016f, jak se j\u00ed \u0159\u00edk\u00e1, a z\u00e1rove\u0148 nejv\u011bt\u0161\u00ed ostrov v souostrov\u00ed Heptan\u00e9zu, je zat\u00edm je\u0161t\u011b pom\u011brn\u011b m\u00e1lo zn\u00e1m. Do \u0161ir\u0161\u00edho pov\u011bdom\u00ed se Kefalonie dostala v roce 2000 d\u00edky nat\u00e1\u010den\u00ed americk\u00e9ho filmu \"Mandol\u00edna kapit\u00e1na Corelliho\". Hereck\u00fdm hv\u011bzd\u00e1m Pen\u00e9lope Cruz a Nicolasovi Cageovi se z\u0159ejm\u011b nav\u017edy\u2026","rel":"","context":"Similar post","block_context":{"text":"Similar post","link":""},"img":{"alt_text":"","src":"https:\/\/i0.wp.com\/www.reckasvatba.cz\/wp-content\/uploads\/2024\/01\/FM7C3274.jpg?fit=1024%2C683&ssl=1&resize=350%2C200","width":350,"height":200,"srcset":"https:\/\/i0.wp.com\/www.reckasvatba.cz\/wp-content\/uploads\/2024\/01\/FM7C3274.jpg?fit=1024%2C683&ssl=1&resize=350%2C200 1x, https:\/\/i0.wp.com\/www.reckasvatba.cz\/wp-content\/uploads\/2024\/01\/FM7C3274.jpg?fit=1024%2C683&ssl=1&resize=525%2C300 1.5x, https:\/\/i0.wp.com\/www.reckasvatba.cz\/wp-content\/uploads\/2024\/01\/FM7C3274.jpg?fit=1024%2C683&ssl=1&resize=700%2C400 2x"},"classes":[]},{"id":227,"url":"https:\/\/www.reckasvatba.cz\/?page_id=227","url_meta":{"origin":556,"position":4},"title":"Tereza a Martin, Kefalonie","author":"recka","date":"27.2.2017","format":false,"excerpt":"Mil\u00e1 Maggie, cht\u011bli bychom Ti za v\u0161e moc a moc pod\u011bkovat. U\u017e v\u00a0pr\u016fb\u011bhu domlouv\u00e1n\u00ed na\u0161\u00ed svatby n\u00e1m bylo jasn\u00e9, \u017ee jsme oslovili toho spr\u00e1vn\u00e9ho \u010dlov\u00ed\u010dka. Ale to, co jsi pro n\u00e1s p\u0159ichystala, bylo nad ve\u0161ker\u00e1 o\u010dek\u00e1v\u00e1n\u00ed. Sta\u010dilo 10 dn\u00ed a m\u00e1me pocit, jako bychom T\u011b znali ji\u017e 10 let. A\u010dkoliv\u2026","rel":"","context":"Similar post","block_context":{"text":"Similar post","link":""},"img":{"alt_text":"","src":"","width":0,"height":0},"classes":[]},{"id":16,"url":"https:\/\/www.reckasvatba.cz\/","url_meta":{"origin":556,"position":5},"title":"Svatba v \u0158ecku \/ Netradi\u010dn\u00ed svatby na \u0159eck\u00fdch ostrovech","author":"recka","date":"26.2.2017","format":false,"excerpt":"Mo\u017en\u00e1 ji\u017e del\u0161\u00ed dobu p\u0159em\u00fd\u0161l\u00edte o Va\u0161\u00ed svatb\u011b, o svatb\u011b, kter\u00e1 m\u00e1 b\u00fdt dnem \"D\" ve Va\u0161em \u017eivot\u011b a chcete ji pro\u017e\u00edt podle sv\u00fdch p\u0159edstav. Nechcete se p\u0159izp\u016fsobovat p\u0159\u00e1n\u00ed p\u0159\u00edbuzn\u00fdch a zvyk\u016fm, kter\u00e9 je nutno dodr\u017eovat p\u0159i svatb\u011b doma. Sn\u00edte o ob\u0159adu ve dvou jen za p\u0159\u00edtomnosti sv\u011bdk\u016f? Anebo chcete\u2026","rel":"","context":"Similar post","block_context":{"text":"Similar post","link":""},"img":{"alt_text":"","src":"https:\/\/i0.wp.com\/www.reckasvatba.cz\/wp-content\/uploads\/2024\/01\/033A7104.jpg?fit=1200%2C800&ssl=1&resize=350%2C200","width":350,"height":200,"srcset":"https:\/\/i0.wp.com\/www.reckasvatba.cz\/wp-content\/uploads\/2024\/01\/033A7104.jpg?fit=1200%2C800&ssl=1&resize=350%2C200 1x, https:\/\/i0.wp.com\/www.reckasvatba.cz\/wp-content\/uploads\/2024\/01\/033A7104.jpg?fit=1200%2C800&ssl=1&resize=525%2C300 1.5x, https:\/\/i0.wp.com\/www.reckasvatba.cz\/wp-content\/uploads\/2024\/01\/033A7104.jpg?fit=1200%2C800&ssl=1&resize=700%2C400 2x, https:\/\/i0.wp.com\/www.reckasvatba.cz\/wp-content\/uploads\/2024\/01\/033A7104.jpg?fit=1200%2C800&ssl=1&resize=1050%2C600 3x"},"classes":[]}],"_links":{"self":[{"href":"https:\/\/www.reckasvatba.cz\/index.php?rest_route=\/wp\/v2\/pages\/556"}],"collection":[{"href":"https:\/\/www.reckasvatba.cz\/index.php?rest_route=\/wp\/v2\/pages"}],"about":[{"href":"https:\/\/www.reckasvatba.cz\/index.php?rest_route=\/wp\/v2\/types\/page"}],"author":[{"embeddable":true,"href":"https:\/\/www.reckasvatba.cz\/index.php?rest_route=\/wp\/v2\/users\/1"}],"replies":[{"embeddable":true,"href":"https:\/\/www.reckasvatba.cz\/index.php?rest_route=%2Fwp%2Fv2%2Fcomments&post=556"}],"version-history":[{"count":5,"href":"https:\/\/www.reckasvatba.cz\/index.php?rest_route=\/wp\/v2\/pages\/556\/revisions"}],"predecessor-version":[{"id":861,"href":"https:\/\/www.reckasvatba.cz\/index.php?rest_route=\/wp\/v2\/pages\/556\/revisions\/861"}],"up":[{"embeddable":true,"href":"https:\/\/www.reckasvatba.cz\/index.php?rest_route=\/wp\/v2\/pages\/28"}],"wp:attachment":[{"href":"https:\/\/www.reckasvatba.cz\/index.php?rest_route=%2Fwp%2Fv2%2Fmedia&parent=556"}],"curies":[{"name":"wp","href":"https:\/\/api.w.org\/{rel}","templated":true}]}}