{"id":712,"date":"2018-02-08T20:57:01","date_gmt":"2018-02-08T19:57:01","guid":{"rendered":"http:\/\/www.reckasvatba.cz\/?page_id=712"},"modified":"2018-02-10T13:49:26","modified_gmt":"2018-02-10T12:49:26","slug":"marketa-a-tomas-zakynthos","status":"publish","type":"page","link":"https:\/\/www.reckasvatba.cz\/?page_id=712","title":{"rendered":"Mark\u00e9ta a Tom\u00e1\u0161, Zakynthos"},"content":{"rendered":"<p>&nbsp;<\/p>\n<p>Moc d\u011bkujeme za kr\u00e1snou svatbu&#8230; bylo to \u00fa\u017easn\u00e9.<\/p>\n<p>Mark\u00e9ta a Tom\u00e1\u0161, Zakynthos<\/p>\n","protected":false},"excerpt":{"rendered":"<p>&nbsp; Moc d\u011bkujeme za kr\u00e1snou svatbu&#8230; bylo to \u00fa\u017easn\u00e9. Mark\u00e9ta a Tom\u00e1\u0161, Zakynthos<\/p>\n","protected":false},"author":1,"featured_media":0,"parent":28,"menu_order":0,"comment_status":"closed","ping_status":"closed","template":"","meta":{"footnotes":""},"yoast_head":"<!-- This site is optimized with the Yoast SEO plugin v21.8 - https:\/\/yoast.com\/wordpress\/plugins\/seo\/ -->\n<title>Mark\u00e9ta a Tom\u00e1\u0161, Zakynthos &#8226; SVATBA V \u0158ECKU<\/title>\n<meta name=\"robots\" content=\"index, follow, max-snippet:-1, max-image-preview:large, max-video-preview:-1\" \/>\n<link rel=\"canonical\" href=\"https:\/\/www.reckasvatba.cz\/?page_id=712\" \/>\n<meta property=\"og:locale\" content=\"cs_CZ\" \/>\n<meta property=\"og:type\" content=\"article\" \/>\n<meta property=\"og:title\" content=\"Mark\u00e9ta a Tom\u00e1\u0161, Zakynthos &#8226; SVATBA V \u0158ECKU\" \/>\n<meta property=\"og:description\" content=\"&nbsp; Moc d\u011bkujeme za kr\u00e1snou svatbu&#8230; bylo to \u00fa\u017easn\u00e9. Mark\u00e9ta a Tom\u00e1\u0161, Zakynthos\" \/>\n<meta property=\"og:url\" content=\"https:\/\/www.reckasvatba.cz\/?page_id=712\" \/>\n<meta property=\"og:site_name\" content=\"SVATBA V \u0158ECKU\" \/>\n<meta property=\"article:modified_time\" content=\"2018-02-10T12:49:26+00:00\" \/>\n<meta name=\"twitter:card\" content=\"summary_large_image\" \/>\n<script type=\"application\/ld+json\" class=\"yoast-schema-graph\">{\"@context\":\"https:\/\/schema.org\",\"@graph\":[{\"@type\":\"WebPage\",\"@id\":\"https:\/\/www.reckasvatba.cz\/?page_id=712\",\"url\":\"https:\/\/www.reckasvatba.cz\/?page_id=712\",\"name\":\"Mark\u00e9ta a Tom\u00e1\u0161, Zakynthos &#8226; SVATBA V \u0158ECKU\",\"isPartOf\":{\"@id\":\"https:\/\/www.reckasvatba.cz\/#website\"},\"datePublished\":\"2018-02-08T19:57:01+00:00\",\"dateModified\":\"2018-02-10T12:49:26+00:00\",\"breadcrumb\":{\"@id\":\"https:\/\/www.reckasvatba.cz\/?page_id=712#breadcrumb\"},\"inLanguage\":\"cs\",\"potentialAction\":[{\"@type\":\"ReadAction\",\"target\":[\"https:\/\/www.reckasvatba.cz\/?page_id=712\"]}]},{\"@type\":\"BreadcrumbList\",\"@id\":\"https:\/\/www.reckasvatba.cz\/?page_id=712#breadcrumb\",\"itemListElement\":[{\"@type\":\"ListItem\",\"position\":1,\"name\":\"Dom\u016f\",\"item\":\"https:\/\/www.reckasvatba.cz\/\"},{\"@type\":\"ListItem\",\"position\":2,\"name\":\"Reference\",\"item\":\"https:\/\/www.reckasvatba.cz\/?page_id=28\"},{\"@type\":\"ListItem\",\"position\":3,\"name\":\"Mark\u00e9ta a Tom\u00e1\u0161, Zakynthos\"}]},{\"@type\":\"WebSite\",\"@id\":\"https:\/\/www.reckasvatba.cz\/#website\",\"url\":\"https:\/\/www.reckasvatba.cz\/\",\"name\":\"SVATBA V \u0158ECKU\",\"description\":\"Svatby v \u0158ecku a na \u0159eck\u00fdch ostrovech\",\"potentialAction\":[{\"@type\":\"SearchAction\",\"target\":{\"@type\":\"EntryPoint\",\"urlTemplate\":\"https:\/\/www.reckasvatba.cz\/?s={search_term_string}\"},\"query-input\":\"required name=search_term_string\"}],\"inLanguage\":\"cs\"}]}<\/script>\n<!-- \/ Yoast SEO plugin. -->","yoast_head_json":{"title":"Mark\u00e9ta a Tom\u00e1\u0161, Zakynthos &#8226; SVATBA V \u0158ECKU","robots":{"index":"index","follow":"follow","max-snippet":"max-snippet:-1","max-image-preview":"max-image-preview:large","max-video-preview":"max-video-preview:-1"},"canonical":"https:\/\/www.reckasvatba.cz\/?page_id=712","og_locale":"cs_CZ","og_type":"article","og_title":"Mark\u00e9ta a Tom\u00e1\u0161, Zakynthos &#8226; SVATBA V \u0158ECKU","og_description":"&nbsp; Moc d\u011bkujeme za kr\u00e1snou svatbu&#8230; bylo to \u00fa\u017easn\u00e9. Mark\u00e9ta a Tom\u00e1\u0161, Zakynthos","og_url":"https:\/\/www.reckasvatba.cz\/?page_id=712","og_site_name":"SVATBA V \u0158ECKU","article_modified_time":"2018-02-10T12:49:26+00:00","twitter_card":"summary_large_image","schema":{"@context":"https:\/\/schema.org","@graph":[{"@type":"WebPage","@id":"https:\/\/www.reckasvatba.cz\/?page_id=712","url":"https:\/\/www.reckasvatba.cz\/?page_id=712","name":"Mark\u00e9ta a Tom\u00e1\u0161, Zakynthos &#8226; SVATBA V \u0158ECKU","isPartOf":{"@id":"https:\/\/www.reckasvatba.cz\/#website"},"datePublished":"2018-02-08T19:57:01+00:00","dateModified":"2018-02-10T12:49:26+00:00","breadcrumb":{"@id":"https:\/\/www.reckasvatba.cz\/?page_id=712#breadcrumb"},"inLanguage":"cs","potentialAction":[{"@type":"ReadAction","target":["https:\/\/www.reckasvatba.cz\/?page_id=712"]}]},{"@type":"BreadcrumbList","@id":"https:\/\/www.reckasvatba.cz\/?page_id=712#breadcrumb","itemListElement":[{"@type":"ListItem","position":1,"name":"Dom\u016f","item":"https:\/\/www.reckasvatba.cz\/"},{"@type":"ListItem","position":2,"name":"Reference","item":"https:\/\/www.reckasvatba.cz\/?page_id=28"},{"@type":"ListItem","position":3,"name":"Mark\u00e9ta a Tom\u00e1\u0161, Zakynthos"}]},{"@type":"WebSite","@id":"https:\/\/www.reckasvatba.cz\/#website","url":"https:\/\/www.reckasvatba.cz\/","name":"SVATBA V \u0158ECKU","description":"Svatby v \u0158ecku a na \u0159eck\u00fdch ostrovech","potentialAction":[{"@type":"SearchAction","target":{"@type":"EntryPoint","urlTemplate":"https:\/\/www.reckasvatba.cz\/?s={search_term_string}"},"query-input":"required name=search_term_string"}],"inLanguage":"cs"}]}},"jetpack_sharing_enabled":true,"jetpack_shortlink":"https:\/\/wp.me\/P8rUEV-bu","jetpack-related-posts":[{"id":232,"url":"https:\/\/www.reckasvatba.cz\/?page_id=232","url_meta":{"origin":712,"position":0},"title":"Zuzana a Marek, Zakynthos","author":"recka","date":"27.2.2017","format":false,"excerpt":"Moc bychom cht\u011bli pod\u011bkovat Margaritce za super spolupr\u00e1ci, komunikaci a trp\u011blivost p\u0159i pl\u00e1nov\u00e1n\u00ed na\u0161eho poh\u00e1dkov\u00e9ho svatebn\u00edho dne! Pomohla n\u00e1m zrealizovat n\u00e1\u0161 sen a d\u00edky n\u00ed se stal skute\u010dnost\u00ed! D\u011bkujeme i fotografce a koordin\u00e1torce na Zakynthos za spolupr\u00e1ci! D\u00edky V\u00e1m m\u00e1me n\u00e1dhern\u00e9 svatebn\u00ed fotografie, kter\u00e9 v\u0161ichni obdivovali! Spolupr\u00e1ce p\u0159i samotn\u00e9m ob\u0159adu\u2026","rel":"","context":"Similar post","block_context":{"text":"Similar post","link":""},"img":{"alt_text":"","src":"","width":0,"height":0},"classes":[]},{"id":28,"url":"https:\/\/www.reckasvatba.cz\/?page_id=28","url_meta":{"origin":712,"position":1},"title":"Reference","author":"recka","date":"26.2.2017","format":false,"excerpt":"Reference a hodnocen\u00ed spolupr\u00e1ce V odkazech naleznete reference a zku\u0161enosti na\u0161ich p\u00e1r\u016f, kter\u00e9 sv\u011b\u0159ily organizaci sv\u00e9ho nejd\u016fle\u017eit\u011bj\u0161\u00edho dne na\u0161\u00ed agentu\u0159e. Hodnocen\u00ed spolupr\u00e1ce na\u0161ich p\u00e1r\u016f a jejich reference vych\u00e1zej\u00ed z jejich dopis\u016f a e-mail\u016f zaslan\u00fdch na adresu na\u0161\u00ed agentury. Tereza a Martin, Kefalonie Zuzana a Marek, Zakynthos Renata a Petr, Kefalonie\u2026","rel":"","context":"Similar post","block_context":{"text":"Similar post","link":""},"img":{"alt_text":"","src":"https:\/\/i0.wp.com\/www.reckasvatba.cz\/wp-content\/uploads\/2017\/02\/dsc01636-300x200.jpg?resize=350%2C200","width":350,"height":200},"classes":[]},{"id":556,"url":"https:\/\/www.reckasvatba.cz\/?page_id=556","url_meta":{"origin":712,"position":2},"title":"Renata a Petr, Kefalonie","author":"recka","date":"10.10.2017","format":false,"excerpt":"Reference Renata a Petr, Kefalonie 2017 V\u0161em, kdo si cht\u011bj\u00ed splnit sen stejn\u011b jako j\u00e1 a m\u016fj mu\u017e - vz\u00edt se v \u0158ecku, tak DOPORU\u010cUJI \u0158ECKOU SVATBU (na\u0161i skv\u011blou Maggie :)). M\u011bli jsme p\u0159edstavu jak si ten n\u00e1\u0161 den p\u0159ejeme a nakonec to bylo neskute\u010dn\u00fd ... poh\u00e1dka v re\u00e1lu... Ned\u00e1\u2026","rel":"","context":"Similar post","block_context":{"text":"Similar post","link":""},"img":{"alt_text":"","src":"","width":0,"height":0},"classes":[]},{"id":1124,"url":"https:\/\/www.reckasvatba.cz\/?page_id=1124","url_meta":{"origin":712,"position":3},"title":"B\u00e1ra a Petr, Kefalonie","author":"recka","date":"26.1.2021","format":false,"excerpt":"P\u0159edstavovali jsme si sv\u016fj den kr\u00e1sn\u011b, ale d\u00edky Maggie to bylo nepopsateln\u00e9, dokonal\u00e9 Moc d\u011bkujeme, Maggie, za osobn\u00ed p\u0159\u00edstup, nikdy nebudeme litovat, \u017ee jsme se rozhodli n\u00e1\u0161 den uskute\u010dnit s V\u00e1mi a t\u00edmto stylem. V\u0161e n\u00e1dhern\u011b p\u0159ipraven\u00e9, skv\u011bl\u00e1 komunikace, nic nen\u00ed nemo\u017en\u00e9 opravdu jsme m\u011bli pocit, \u017ee Maggie je tu\u2026","rel":"","context":"Similar post","block_context":{"text":"Similar post","link":""},"img":{"alt_text":"","src":"","width":0,"height":0},"classes":[]},{"id":830,"url":"https:\/\/www.reckasvatba.cz\/?page_id=830","url_meta":{"origin":712,"position":4},"title":"Kl\u00e1ra a Petr, Kefalonie","author":"recka","date":"3.9.2018","format":false,"excerpt":"Pokud se rozhodnete pro svatbu u mo\u0159e, tak jedin\u011b s Meggie. \u00da\u017easn\u00e1 domluva i na d\u00e1lku, v\u0161echno skv\u011ble za\u0159\u00edzen\u00e9 od za\u010d\u00e1tku a\u017e do konce. Byl to pro n\u00e1s n\u00e1dhern\u00fd z\u00e1\u017eitek a mohu jenom v\u0161em doporu\u010dit! D\u011bkujeme za v\u0161e\ud83d\ude18","rel":"","context":"Similar post","block_context":{"text":"Similar post","link":""},"img":{"alt_text":"","src":"","width":0,"height":0},"classes":[]},{"id":23,"url":"https:\/\/www.reckasvatba.cz\/?page_id=23","url_meta":{"origin":712,"position":5},"title":"Svatba na Zakynthosu","author":"recka","date":"26.2.2017","format":false,"excerpt":"Svatba na Zakynthosu je snem mnoha p\u00e1r\u016f. Charakteristick\u00e1 b\u00edl\u00e1 a modr\u00e1, kter\u00e9 jsou n\u00e1rodn\u00edmi barvami \u0158ecka, zde dominuj\u00ed. Spole\u010dn\u011b se zelenou - barvou hust\u00fdch cip\u0159\u00ed\u0161ov\u00fdch h\u00e1j\u016f a sad\u016f olivovn\u00edk\u016f lahod\u00ed oku n\u00e1v\u0161t\u011bvn\u00edka.\u00a0 Zakynthos l\u00e1k\u00e1 p\u0159ekr\u00e1sn\u00fdmi pl\u00e1\u017eemi, mezi kter\u00fdmi se vyj\u00edm\u00e1 nedostupn\u00e1 pl\u00e1\u017e Navajo s vrakem pa\u0161er\u00e1ck\u00e9 lodi. Na Navajo lze\u2026","rel":"","context":"Similar post","block_context":{"text":"Similar post","link":""},"img":{"alt_text":"","src":"https:\/\/i0.wp.com\/www.reckasvatba.cz\/wp-content\/uploads\/2024\/10\/9C8A7790-300x200.jpg?resize=350%2C200&ssl=1","width":350,"height":200},"classes":[]}],"_links":{"self":[{"href":"https:\/\/www.reckasvatba.cz\/index.php?rest_route=\/wp\/v2\/pages\/712"}],"collection":[{"href":"https:\/\/www.reckasvatba.cz\/index.php?rest_route=\/wp\/v2\/pages"}],"about":[{"href":"https:\/\/www.reckasvatba.cz\/index.php?rest_route=\/wp\/v2\/types\/page"}],"author":[{"embeddable":true,"href":"https:\/\/www.reckasvatba.cz\/index.php?rest_route=\/wp\/v2\/users\/1"}],"replies":[{"embeddable":true,"href":"https:\/\/www.reckasvatba.cz\/index.php?rest_route=%2Fwp%2Fv2%2Fcomments&post=712"}],"version-history":[{"count":3,"href":"https:\/\/www.reckasvatba.cz\/index.php?rest_route=\/wp\/v2\/pages\/712\/revisions"}],"predecessor-version":[{"id":728,"href":"https:\/\/www.reckasvatba.cz\/index.php?rest_route=\/wp\/v2\/pages\/712\/revisions\/728"}],"up":[{"embeddable":true,"href":"https:\/\/www.reckasvatba.cz\/index.php?rest_route=\/wp\/v2\/pages\/28"}],"wp:attachment":[{"href":"https:\/\/www.reckasvatba.cz\/index.php?rest_route=%2Fwp%2Fv2%2Fmedia&parent=712"}],"curies":[{"name":"wp","href":"https:\/\/api.w.org\/{rel}","templated":true}]}}