{"id":825,"date":"2018-09-03T20:35:01","date_gmt":"2018-09-03T18:35:01","guid":{"rendered":"http:\/\/www.reckasvatba.cz\/?page_id=825"},"modified":"2018-10-25T14:10:07","modified_gmt":"2018-10-25T12:10:07","slug":"reference-2","status":"publish","type":"page","link":"https:\/\/www.reckasvatba.cz\/?page_id=825","title":{"rendered":"Lucie a Jan, Korfu"},"content":{"rendered":"<p>Reference Lucie a Jan,\u00a0 Korfu 2018<\/p>\n<p>S p\u0159\u00edtelem jsme se rozhodli n\u00e1\u0161 \u0161estn\u00e1ctilet\u00fd vztah zpe\u010detit s\u0148atkem. Po tom, co jsem poznala kr\u00e1sy\u00a0<span class=\"text_exposed_show\">\u0159eck\u00fdch ostrov\u016f, tak na\u0161\u00edm snem byla svatba na kr\u00e1sn\u00e9 \u0159eck\u00e9 pl\u00e1\u017ei.\u00a0 Po odsouhlasen\u00ed m\u00e9ho n\u00e1padu p\u0159\u00edtelem jsem dlouho vyb\u00edrala na internetu agenturu, p\u0159es kterou n\u00e1\u0161 pl\u00e1n uskute\u010dn\u00edm. N\u011bjak jsem st\u00e1le nev\u011b\u0159ila tomu, \u017ee se n\u00e1\u0161 sen stane skute\u010dnost\u00ed. Po srovn\u00e1n\u00ed pro a proti n\u011bkolika agentur jsme se rozhodli oslovit Margarita Weddings a mus\u00edm \u0159\u00edct, \u017ee v\u0161e bylo naprosto perfektn\u00ed. <\/span><\/p>\n<p><span class=\"text_exposed_show\">Ka\u017ed\u00e9mu, kdo sn\u00ed o n\u011b\u010dem podobn\u00e9m, tak agenturu doporu\u010duji v\u0161emi deseti.\u00a0 V\u0161e prob\u011bhlo naprosto p\u0159esn\u011b dle domluvy, komunikace je rychl\u00e1 a bezprobl\u00e9mov\u00e1. Pan\u00ed koordin\u00e1torka na ostrov\u011b byla \u00fa\u017easn\u00e1 a hlavn\u011b, co pro m\u011b bylo nejd\u016fle\u017eit\u011bj\u0161\u00ed, NIC NEBYL PROBL\u00c9M. Sice tro\u0161ku hodn\u011b n\u00e1s zlobilo po\u010das\u00ed \ud83c\udf27\ufe0f, skrz kter\u00e9 jsme museli m\u011bnit datum a pozd\u011bji dokonce i m\u00edsto, ale i p\u0159es to v\u0161echno byla na\u0161e svatba poh\u00e1dkov\u00e1 a nepopsateln\u011b \u00fa\u017easn\u00e1.\u00a0 A to d\u00edky Margarit\u011b, kter\u00e1 skute\u010dn\u011b pln\u00ed sny ve skute\u010dnost.\u00a0 Je\u0161t\u011b jednou velk\u00e9 D\u00cdKY a budu doporu\u010dovat v\u0161ude, kde budu moci. \ud83d\udc95\ud83c\uddec\ud83c\uddf7\ud83d\udc4d<\/span><\/p>\n","protected":false},"excerpt":{"rendered":"<p>Reference Lucie a Jan,\u00a0 Korfu 2018 S p\u0159\u00edtelem jsme se rozhodli n\u00e1\u0161 \u0161estn\u00e1ctilet\u00fd vztah zpe\u010detit s\u0148atkem. Po tom, co jsem poznala kr\u00e1sy\u00a0\u0159eck\u00fdch ostrov\u016f, tak na\u0161\u00edm snem byla svatba na kr\u00e1sn\u00e9 \u0159eck\u00e9 pl\u00e1\u017ei.\u00a0 Po odsouhlasen\u00ed m\u00e9ho n\u00e1padu p\u0159\u00edtelem jsem dlouho vyb\u00edrala na internetu agenturu, p\u0159es kterou n\u00e1\u0161 pl\u00e1n uskute\u010dn\u00edm. N\u011bjak jsem st\u00e1le nev\u011b\u0159ila tomu, \u017ee se &hellip; <\/p>\n<p class=\"link-more\"><a href=\"https:\/\/www.reckasvatba.cz\/?page_id=825\" class=\"more-link\">Pokra\u010dovat ve \u010dten\u00ed<span class=\"screen-reader-text\"> &#8222;Lucie a Jan, Korfu&#8220;<\/span><\/a><\/p>\n","protected":false},"author":1,"featured_media":0,"parent":28,"menu_order":5,"comment_status":"closed","ping_status":"closed","template":"","meta":{"footnotes":""},"yoast_head":"<!-- This site is optimized with the Yoast SEO plugin v21.8 - https:\/\/yoast.com\/wordpress\/plugins\/seo\/ -->\n<title>Lucie a Jan, Korfu &#8226; SVATBA V \u0158ECKU reference svateb<\/title>\n<meta name=\"description\" content=\"Reference svateb v \u0158ecku s Margarita Weddings. Na\u0161e p\u00e1ry n\u00e1s hodnot\u00ed a popisuj\u00ed sv\u00e9 vlastn\u00ed zku\u0161enosti s n\u00e1mi b\u011bhem sv\u00e9 svatby v zahrani\u010d\u00ed.\" \/>\n<meta name=\"robots\" content=\"index, follow, max-snippet:-1, max-image-preview:large, max-video-preview:-1\" \/>\n<link rel=\"canonical\" href=\"https:\/\/www.reckasvatba.cz\/?page_id=825\" \/>\n<meta property=\"og:locale\" content=\"cs_CZ\" \/>\n<meta property=\"og:type\" content=\"article\" \/>\n<meta property=\"og:title\" content=\"Lucie a Jan, Korfu &#8226; SVATBA V \u0158ECKU reference svateb\" \/>\n<meta property=\"og:description\" content=\"Reference svateb v \u0158ecku s Margarita Weddings. Na\u0161e p\u00e1ry n\u00e1s hodnot\u00ed a popisuj\u00ed sv\u00e9 vlastn\u00ed zku\u0161enosti s n\u00e1mi b\u011bhem sv\u00e9 svatby v zahrani\u010d\u00ed.\" \/>\n<meta property=\"og:url\" content=\"https:\/\/www.reckasvatba.cz\/?page_id=825\" \/>\n<meta property=\"og:site_name\" content=\"SVATBA V \u0158ECKU\" \/>\n<meta property=\"article:modified_time\" content=\"2018-10-25T12:10:07+00:00\" \/>\n<meta name=\"twitter:card\" content=\"summary_large_image\" \/>\n<meta name=\"twitter:label1\" content=\"Odhadovan\u00e1 doba \u010dten\u00ed\" \/>\n\t<meta name=\"twitter:data1\" content=\"1 minuta\" \/>\n<script type=\"application\/ld+json\" class=\"yoast-schema-graph\">{\"@context\":\"https:\/\/schema.org\",\"@graph\":[{\"@type\":\"WebPage\",\"@id\":\"https:\/\/www.reckasvatba.cz\/?page_id=825\",\"url\":\"https:\/\/www.reckasvatba.cz\/?page_id=825\",\"name\":\"Lucie a Jan, Korfu &#8226; SVATBA V \u0158ECKU reference svateb\",\"isPartOf\":{\"@id\":\"https:\/\/www.reckasvatba.cz\/#website\"},\"datePublished\":\"2018-09-03T18:35:01+00:00\",\"dateModified\":\"2018-10-25T12:10:07+00:00\",\"description\":\"Reference svateb v \u0158ecku s Margarita Weddings. Na\u0161e p\u00e1ry n\u00e1s hodnot\u00ed a popisuj\u00ed sv\u00e9 vlastn\u00ed zku\u0161enosti s n\u00e1mi b\u011bhem sv\u00e9 svatby v zahrani\u010d\u00ed.\",\"breadcrumb\":{\"@id\":\"https:\/\/www.reckasvatba.cz\/?page_id=825#breadcrumb\"},\"inLanguage\":\"cs\",\"potentialAction\":[{\"@type\":\"ReadAction\",\"target\":[\"https:\/\/www.reckasvatba.cz\/?page_id=825\"]}]},{\"@type\":\"BreadcrumbList\",\"@id\":\"https:\/\/www.reckasvatba.cz\/?page_id=825#breadcrumb\",\"itemListElement\":[{\"@type\":\"ListItem\",\"position\":1,\"name\":\"Dom\u016f\",\"item\":\"https:\/\/www.reckasvatba.cz\/\"},{\"@type\":\"ListItem\",\"position\":2,\"name\":\"Reference\",\"item\":\"https:\/\/www.reckasvatba.cz\/?page_id=28\"},{\"@type\":\"ListItem\",\"position\":3,\"name\":\"Lucie a Jan, Korfu\"}]},{\"@type\":\"WebSite\",\"@id\":\"https:\/\/www.reckasvatba.cz\/#website\",\"url\":\"https:\/\/www.reckasvatba.cz\/\",\"name\":\"SVATBA V \u0158ECKU\",\"description\":\"Svatby v \u0158ecku a na \u0159eck\u00fdch ostrovech\",\"potentialAction\":[{\"@type\":\"SearchAction\",\"target\":{\"@type\":\"EntryPoint\",\"urlTemplate\":\"https:\/\/www.reckasvatba.cz\/?s={search_term_string}\"},\"query-input\":\"required name=search_term_string\"}],\"inLanguage\":\"cs\"}]}<\/script>\n<!-- \/ Yoast SEO plugin. -->","yoast_head_json":{"title":"Lucie a Jan, Korfu &#8226; SVATBA V \u0158ECKU reference svateb","description":"Reference svateb v \u0158ecku s Margarita Weddings. Na\u0161e p\u00e1ry n\u00e1s hodnot\u00ed a popisuj\u00ed sv\u00e9 vlastn\u00ed zku\u0161enosti s n\u00e1mi b\u011bhem sv\u00e9 svatby v zahrani\u010d\u00ed.","robots":{"index":"index","follow":"follow","max-snippet":"max-snippet:-1","max-image-preview":"max-image-preview:large","max-video-preview":"max-video-preview:-1"},"canonical":"https:\/\/www.reckasvatba.cz\/?page_id=825","og_locale":"cs_CZ","og_type":"article","og_title":"Lucie a Jan, Korfu &#8226; SVATBA V \u0158ECKU reference svateb","og_description":"Reference svateb v \u0158ecku s Margarita Weddings. Na\u0161e p\u00e1ry n\u00e1s hodnot\u00ed a popisuj\u00ed sv\u00e9 vlastn\u00ed zku\u0161enosti s n\u00e1mi b\u011bhem sv\u00e9 svatby v zahrani\u010d\u00ed.","og_url":"https:\/\/www.reckasvatba.cz\/?page_id=825","og_site_name":"SVATBA V \u0158ECKU","article_modified_time":"2018-10-25T12:10:07+00:00","twitter_card":"summary_large_image","twitter_misc":{"Odhadovan\u00e1 doba \u010dten\u00ed":"1 minuta"},"schema":{"@context":"https:\/\/schema.org","@graph":[{"@type":"WebPage","@id":"https:\/\/www.reckasvatba.cz\/?page_id=825","url":"https:\/\/www.reckasvatba.cz\/?page_id=825","name":"Lucie a Jan, Korfu &#8226; SVATBA V \u0158ECKU reference svateb","isPartOf":{"@id":"https:\/\/www.reckasvatba.cz\/#website"},"datePublished":"2018-09-03T18:35:01+00:00","dateModified":"2018-10-25T12:10:07+00:00","description":"Reference svateb v \u0158ecku s Margarita Weddings. Na\u0161e p\u00e1ry n\u00e1s hodnot\u00ed a popisuj\u00ed sv\u00e9 vlastn\u00ed zku\u0161enosti s n\u00e1mi b\u011bhem sv\u00e9 svatby v zahrani\u010d\u00ed.","breadcrumb":{"@id":"https:\/\/www.reckasvatba.cz\/?page_id=825#breadcrumb"},"inLanguage":"cs","potentialAction":[{"@type":"ReadAction","target":["https:\/\/www.reckasvatba.cz\/?page_id=825"]}]},{"@type":"BreadcrumbList","@id":"https:\/\/www.reckasvatba.cz\/?page_id=825#breadcrumb","itemListElement":[{"@type":"ListItem","position":1,"name":"Dom\u016f","item":"https:\/\/www.reckasvatba.cz\/"},{"@type":"ListItem","position":2,"name":"Reference","item":"https:\/\/www.reckasvatba.cz\/?page_id=28"},{"@type":"ListItem","position":3,"name":"Lucie a Jan, Korfu"}]},{"@type":"WebSite","@id":"https:\/\/www.reckasvatba.cz\/#website","url":"https:\/\/www.reckasvatba.cz\/","name":"SVATBA V \u0158ECKU","description":"Svatby v \u0158ecku a na \u0159eck\u00fdch ostrovech","potentialAction":[{"@type":"SearchAction","target":{"@type":"EntryPoint","urlTemplate":"https:\/\/www.reckasvatba.cz\/?s={search_term_string}"},"query-input":"required name=search_term_string"}],"inLanguage":"cs"}]}},"jetpack_sharing_enabled":true,"jetpack_shortlink":"https:\/\/wp.me\/P8rUEV-dj","jetpack-related-posts":[{"id":1124,"url":"https:\/\/www.reckasvatba.cz\/?page_id=1124","url_meta":{"origin":825,"position":0},"title":"B\u00e1ra a Petr, Kefalonie","author":"recka","date":"26.1.2021","format":false,"excerpt":"P\u0159edstavovali jsme si sv\u016fj den kr\u00e1sn\u011b, ale d\u00edky Maggie to bylo nepopsateln\u00e9, dokonal\u00e9 Moc d\u011bkujeme, Maggie, za osobn\u00ed p\u0159\u00edstup, nikdy nebudeme litovat, \u017ee jsme se rozhodli n\u00e1\u0161 den uskute\u010dnit s V\u00e1mi a t\u00edmto stylem. V\u0161e n\u00e1dhern\u011b p\u0159ipraven\u00e9, skv\u011bl\u00e1 komunikace, nic nen\u00ed nemo\u017en\u00e9 opravdu jsme m\u011bli pocit, \u017ee Maggie je tu\u2026","rel":"","context":"Similar post","block_context":{"text":"Similar post","link":""},"img":{"alt_text":"","src":"","width":0,"height":0},"classes":[]},{"id":227,"url":"https:\/\/www.reckasvatba.cz\/?page_id=227","url_meta":{"origin":825,"position":1},"title":"Tereza a Martin, Kefalonie","author":"recka","date":"27.2.2017","format":false,"excerpt":"Mil\u00e1 Maggie, cht\u011bli bychom Ti za v\u0161e moc a moc pod\u011bkovat. U\u017e v\u00a0pr\u016fb\u011bhu domlouv\u00e1n\u00ed na\u0161\u00ed svatby n\u00e1m bylo jasn\u00e9, \u017ee jsme oslovili toho spr\u00e1vn\u00e9ho \u010dlov\u00ed\u010dka. Ale to, co jsi pro n\u00e1s p\u0159ichystala, bylo nad ve\u0161ker\u00e1 o\u010dek\u00e1v\u00e1n\u00ed. Sta\u010dilo 10 dn\u00ed a m\u00e1me pocit, jako bychom T\u011b znali ji\u017e 10 let. A\u010dkoliv\u2026","rel":"","context":"Similar post","block_context":{"text":"Similar post","link":""},"img":{"alt_text":"","src":"","width":0,"height":0},"classes":[]},{"id":1058,"url":"https:\/\/www.reckasvatba.cz\/?page_id=1058","url_meta":{"origin":825,"position":2},"title":"Tereza a Jind\u0159ich, Santorini","author":"recka","date":"9.10.2020","format":false,"excerpt":"Na\u0161e Svatba na Santorini byla \u00fa\u017easn\u00e1 a nezapomenuteln\u00e1. Moc jsme si n\u00e1\u0161 den u\u017eili\u2764\ufe0fVelk\u00e9 d\u00edky pat\u0159\u00ed pan\u00ed Margarit\u011b i pan\u00ed \u0160\u00e1rce\ud83d\ude42\u00a0V\u0161e prob\u011bhlo p\u0159esn\u011b podle na\u0161ich p\u0159edstav a bez starost\u00ed\ud83d\ude42\u00a0Pokud v\u00e1h\u00e1te, tak doporu\u010duji. S pan\u00ed Margaritou budete ur\u010dit\u011b spokojeni\ud83d\ude09","rel":"","context":"Similar post","block_context":{"text":"Similar post","link":""},"img":{"alt_text":"","src":"","width":0,"height":0},"classes":[]},{"id":25,"url":"https:\/\/www.reckasvatba.cz\/?page_id=25","url_meta":{"origin":825,"position":3},"title":"Svatba na Korfu","author":"recka","date":"26.2.2017","format":false,"excerpt":"Korfu. Svatba na Korfu. Svatba na Korfu je zajist\u00e9 snem nejedn\u00e9 nev\u011bsty. I kdy\u017e je Kerkyra, jak ostrovu \u0158ekov\u00e9 \u0159\u00edkaj\u00ed, v nab\u00eddce t\u00e9m\u011b\u0159 ka\u017ed\u00e9 cestovn\u00ed kancel\u00e1\u0159e, jako svatebn\u00ed destinace nen\u00ed p\u0159\u00edli\u0161 zn\u00e1m\u00e1. Na\u0161im c\u00edlem bylo a v\u017edy bude prolomit stereotypy a nab\u00eddnout V\u00e1m - draz\u00ed snoubenci- n\u011bco nov\u00e9ho a neokoukan\u00e9ho.\u2026","rel":"","context":"Similar post","block_context":{"text":"Similar post","link":""},"img":{"alt_text":"","src":"https:\/\/i0.wp.com\/www.reckasvatba.cz\/wp-content\/uploads\/2017\/02\/virgin-mary-monastery.jpg?fit=1200%2C543&ssl=1&resize=350%2C200","width":350,"height":200,"srcset":"https:\/\/i0.wp.com\/www.reckasvatba.cz\/wp-content\/uploads\/2017\/02\/virgin-mary-monastery.jpg?fit=1200%2C543&ssl=1&resize=350%2C200 1x, https:\/\/i0.wp.com\/www.reckasvatba.cz\/wp-content\/uploads\/2017\/02\/virgin-mary-monastery.jpg?fit=1200%2C543&ssl=1&resize=525%2C300 1.5x, https:\/\/i0.wp.com\/www.reckasvatba.cz\/wp-content\/uploads\/2017\/02\/virgin-mary-monastery.jpg?fit=1200%2C543&ssl=1&resize=700%2C400 2x, https:\/\/i0.wp.com\/www.reckasvatba.cz\/wp-content\/uploads\/2017\/02\/virgin-mary-monastery.jpg?fit=1200%2C543&ssl=1&resize=1050%2C600 3x"},"classes":[]},{"id":232,"url":"https:\/\/www.reckasvatba.cz\/?page_id=232","url_meta":{"origin":825,"position":4},"title":"Zuzana a Marek, Zakynthos","author":"recka","date":"27.2.2017","format":false,"excerpt":"Moc bychom cht\u011bli pod\u011bkovat Margaritce za super spolupr\u00e1ci, komunikaci a trp\u011blivost p\u0159i pl\u00e1nov\u00e1n\u00ed na\u0161eho poh\u00e1dkov\u00e9ho svatebn\u00edho dne! Pomohla n\u00e1m zrealizovat n\u00e1\u0161 sen a d\u00edky n\u00ed se stal skute\u010dnost\u00ed! D\u011bkujeme i fotografce a koordin\u00e1torce na Zakynthos za spolupr\u00e1ci! D\u00edky V\u00e1m m\u00e1me n\u00e1dhern\u00e9 svatebn\u00ed fotografie, kter\u00e9 v\u0161ichni obdivovali! Spolupr\u00e1ce p\u0159i samotn\u00e9m ob\u0159adu\u2026","rel":"","context":"Similar post","block_context":{"text":"Similar post","link":""},"img":{"alt_text":"","src":"","width":0,"height":0},"classes":[]},{"id":28,"url":"https:\/\/www.reckasvatba.cz\/?page_id=28","url_meta":{"origin":825,"position":5},"title":"Reference","author":"recka","date":"26.2.2017","format":false,"excerpt":"Reference a hodnocen\u00ed spolupr\u00e1ce V odkazech naleznete reference a zku\u0161enosti na\u0161ich p\u00e1r\u016f, kter\u00e9 sv\u011b\u0159ily organizaci sv\u00e9ho nejd\u016fle\u017eit\u011bj\u0161\u00edho dne na\u0161\u00ed agentu\u0159e. Hodnocen\u00ed spolupr\u00e1ce na\u0161ich p\u00e1r\u016f a jejich reference vych\u00e1zej\u00ed z jejich dopis\u016f a e-mail\u016f zaslan\u00fdch na adresu na\u0161\u00ed agentury. Tereza a Martin, Kefalonie Zuzana a Marek, Zakynthos Renata a Petr, Kefalonie\u2026","rel":"","context":"Similar post","block_context":{"text":"Similar post","link":""},"img":{"alt_text":"","src":"https:\/\/i0.wp.com\/www.reckasvatba.cz\/wp-content\/uploads\/2017\/02\/dsc01636-300x200.jpg?resize=350%2C200","width":350,"height":200},"classes":[]}],"_links":{"self":[{"href":"https:\/\/www.reckasvatba.cz\/index.php?rest_route=\/wp\/v2\/pages\/825"}],"collection":[{"href":"https:\/\/www.reckasvatba.cz\/index.php?rest_route=\/wp\/v2\/pages"}],"about":[{"href":"https:\/\/www.reckasvatba.cz\/index.php?rest_route=\/wp\/v2\/types\/page"}],"author":[{"embeddable":true,"href":"https:\/\/www.reckasvatba.cz\/index.php?rest_route=\/wp\/v2\/users\/1"}],"replies":[{"embeddable":true,"href":"https:\/\/www.reckasvatba.cz\/index.php?rest_route=%2Fwp%2Fv2%2Fcomments&post=825"}],"version-history":[{"count":3,"href":"https:\/\/www.reckasvatba.cz\/index.php?rest_route=\/wp\/v2\/pages\/825\/revisions"}],"predecessor-version":[{"id":863,"href":"https:\/\/www.reckasvatba.cz\/index.php?rest_route=\/wp\/v2\/pages\/825\/revisions\/863"}],"up":[{"embeddable":true,"href":"https:\/\/www.reckasvatba.cz\/index.php?rest_route=\/wp\/v2\/pages\/28"}],"wp:attachment":[{"href":"https:\/\/www.reckasvatba.cz\/index.php?rest_route=%2Fwp%2Fv2%2Fmedia&parent=825"}],"curies":[{"name":"wp","href":"https:\/\/api.w.org\/{rel}","templated":true}]}}