{"id":830,"date":"2018-09-03T20:40:44","date_gmt":"2018-09-03T18:40:44","guid":{"rendered":"http:\/\/www.reckasvatba.cz\/?page_id=830"},"modified":"2018-09-03T20:41:28","modified_gmt":"2018-09-03T18:41:28","slug":"klara-a-petr-kefalonie","status":"publish","type":"page","link":"https:\/\/www.reckasvatba.cz\/?page_id=830","title":{"rendered":"Kl\u00e1ra a Petr, Kefalonie"},"content":{"rendered":"<p>Pokud se rozhodnete pro svatbu u mo\u0159e, tak jedin\u011b s Meggie. \u00da\u017easn\u00e1 domluva i na d\u00e1lku, v\u0161echno skv\u011ble za\u0159\u00edzen\u00e9 od za\u010d\u00e1tku a\u017e do konce. Byl to pro n\u00e1s n\u00e1dhern\u00fd z\u00e1\u017eitek a mohu jenom v\u0161em doporu\u010dit! D\u011bkujeme za v\u0161e<span class=\"_5mfr _47e3\"><img decoding=\"async\" loading=\"lazy\" class=\"img\" role=\"presentation\" src=\"https:\/\/static.xx.fbcdn.net\/images\/emoji.php\/v9\/f75\/1\/16\/1f618.png\" alt=\"\" width=\"16\" height=\"16\" \/><span class=\"_7oe\">\ud83d\ude18<\/span><\/span><\/p>\n","protected":false},"excerpt":{"rendered":"<p>Pokud se rozhodnete pro svatbu u mo\u0159e, tak jedin\u011b s Meggie. \u00da\u017easn\u00e1 domluva i na d\u00e1lku, v\u0161echno skv\u011ble za\u0159\u00edzen\u00e9 od za\u010d\u00e1tku a\u017e do konce. Byl to pro n\u00e1s n\u00e1dhern\u00fd z\u00e1\u017eitek a mohu jenom v\u0161em doporu\u010dit! D\u011bkujeme za v\u0161e\ud83d\ude18<\/p>\n","protected":false},"author":1,"featured_media":0,"parent":28,"menu_order":6,"comment_status":"closed","ping_status":"closed","template":"","meta":{"footnotes":""},"yoast_head":"<!-- This site is optimized with the Yoast SEO plugin v21.8 - https:\/\/yoast.com\/wordpress\/plugins\/seo\/ -->\n<title>Kl\u00e1ra a Petr, Kefalonie &#8226; SVATBA V \u0158ECKU<\/title>\n<meta name=\"robots\" content=\"index, follow, max-snippet:-1, max-image-preview:large, max-video-preview:-1\" \/>\n<link rel=\"canonical\" href=\"https:\/\/www.reckasvatba.cz\/?page_id=830\" \/>\n<meta property=\"og:locale\" content=\"cs_CZ\" \/>\n<meta property=\"og:type\" content=\"article\" \/>\n<meta property=\"og:title\" content=\"Kl\u00e1ra a Petr, Kefalonie &#8226; SVATBA V \u0158ECKU\" \/>\n<meta property=\"og:description\" content=\"Pokud se rozhodnete pro svatbu u mo\u0159e, tak jedin\u011b s Meggie. \u00da\u017easn\u00e1 domluva i na d\u00e1lku, v\u0161echno skv\u011ble za\u0159\u00edzen\u00e9 od za\u010d\u00e1tku a\u017e do konce. Byl to pro n\u00e1s n\u00e1dhern\u00fd z\u00e1\u017eitek a mohu jenom v\u0161em doporu\u010dit! D\u011bkujeme za v\u0161e\ud83d\ude18\" \/>\n<meta property=\"og:url\" content=\"https:\/\/www.reckasvatba.cz\/?page_id=830\" \/>\n<meta property=\"og:site_name\" content=\"SVATBA V \u0158ECKU\" \/>\n<meta property=\"article:modified_time\" content=\"2018-09-03T18:41:28+00:00\" \/>\n<meta property=\"og:image\" content=\"https:\/\/static.xx.fbcdn.net\/images\/emoji.php\/v9\/f75\/1\/16\/1f618.png\" \/>\n<meta name=\"twitter:card\" content=\"summary_large_image\" \/>\n<script type=\"application\/ld+json\" class=\"yoast-schema-graph\">{\"@context\":\"https:\/\/schema.org\",\"@graph\":[{\"@type\":\"WebPage\",\"@id\":\"https:\/\/www.reckasvatba.cz\/?page_id=830\",\"url\":\"https:\/\/www.reckasvatba.cz\/?page_id=830\",\"name\":\"Kl\u00e1ra a Petr, Kefalonie &#8226; SVATBA V \u0158ECKU\",\"isPartOf\":{\"@id\":\"https:\/\/www.reckasvatba.cz\/#website\"},\"datePublished\":\"2018-09-03T18:40:44+00:00\",\"dateModified\":\"2018-09-03T18:41:28+00:00\",\"breadcrumb\":{\"@id\":\"https:\/\/www.reckasvatba.cz\/?page_id=830#breadcrumb\"},\"inLanguage\":\"cs\",\"potentialAction\":[{\"@type\":\"ReadAction\",\"target\":[\"https:\/\/www.reckasvatba.cz\/?page_id=830\"]}]},{\"@type\":\"BreadcrumbList\",\"@id\":\"https:\/\/www.reckasvatba.cz\/?page_id=830#breadcrumb\",\"itemListElement\":[{\"@type\":\"ListItem\",\"position\":1,\"name\":\"Dom\u016f\",\"item\":\"https:\/\/www.reckasvatba.cz\/\"},{\"@type\":\"ListItem\",\"position\":2,\"name\":\"Reference\",\"item\":\"https:\/\/www.reckasvatba.cz\/?page_id=28\"},{\"@type\":\"ListItem\",\"position\":3,\"name\":\"Kl\u00e1ra a Petr, Kefalonie\"}]},{\"@type\":\"WebSite\",\"@id\":\"https:\/\/www.reckasvatba.cz\/#website\",\"url\":\"https:\/\/www.reckasvatba.cz\/\",\"name\":\"SVATBA V \u0158ECKU\",\"description\":\"Svatby v \u0158ecku a na \u0159eck\u00fdch ostrovech\",\"potentialAction\":[{\"@type\":\"SearchAction\",\"target\":{\"@type\":\"EntryPoint\",\"urlTemplate\":\"https:\/\/www.reckasvatba.cz\/?s={search_term_string}\"},\"query-input\":\"required name=search_term_string\"}],\"inLanguage\":\"cs\"}]}<\/script>\n<!-- \/ Yoast SEO plugin. -->","yoast_head_json":{"title":"Kl\u00e1ra a Petr, Kefalonie &#8226; SVATBA V \u0158ECKU","robots":{"index":"index","follow":"follow","max-snippet":"max-snippet:-1","max-image-preview":"max-image-preview:large","max-video-preview":"max-video-preview:-1"},"canonical":"https:\/\/www.reckasvatba.cz\/?page_id=830","og_locale":"cs_CZ","og_type":"article","og_title":"Kl\u00e1ra a Petr, Kefalonie &#8226; SVATBA V \u0158ECKU","og_description":"Pokud se rozhodnete pro svatbu u mo\u0159e, tak jedin\u011b s Meggie. \u00da\u017easn\u00e1 domluva i na d\u00e1lku, v\u0161echno skv\u011ble za\u0159\u00edzen\u00e9 od za\u010d\u00e1tku a\u017e do konce. Byl to pro n\u00e1s n\u00e1dhern\u00fd z\u00e1\u017eitek a mohu jenom v\u0161em doporu\u010dit! D\u011bkujeme za v\u0161e\ud83d\ude18","og_url":"https:\/\/www.reckasvatba.cz\/?page_id=830","og_site_name":"SVATBA V \u0158ECKU","article_modified_time":"2018-09-03T18:41:28+00:00","og_image":[{"url":"https:\/\/static.xx.fbcdn.net\/images\/emoji.php\/v9\/f75\/1\/16\/1f618.png"}],"twitter_card":"summary_large_image","schema":{"@context":"https:\/\/schema.org","@graph":[{"@type":"WebPage","@id":"https:\/\/www.reckasvatba.cz\/?page_id=830","url":"https:\/\/www.reckasvatba.cz\/?page_id=830","name":"Kl\u00e1ra a Petr, Kefalonie &#8226; SVATBA V \u0158ECKU","isPartOf":{"@id":"https:\/\/www.reckasvatba.cz\/#website"},"datePublished":"2018-09-03T18:40:44+00:00","dateModified":"2018-09-03T18:41:28+00:00","breadcrumb":{"@id":"https:\/\/www.reckasvatba.cz\/?page_id=830#breadcrumb"},"inLanguage":"cs","potentialAction":[{"@type":"ReadAction","target":["https:\/\/www.reckasvatba.cz\/?page_id=830"]}]},{"@type":"BreadcrumbList","@id":"https:\/\/www.reckasvatba.cz\/?page_id=830#breadcrumb","itemListElement":[{"@type":"ListItem","position":1,"name":"Dom\u016f","item":"https:\/\/www.reckasvatba.cz\/"},{"@type":"ListItem","position":2,"name":"Reference","item":"https:\/\/www.reckasvatba.cz\/?page_id=28"},{"@type":"ListItem","position":3,"name":"Kl\u00e1ra a Petr, Kefalonie"}]},{"@type":"WebSite","@id":"https:\/\/www.reckasvatba.cz\/#website","url":"https:\/\/www.reckasvatba.cz\/","name":"SVATBA V \u0158ECKU","description":"Svatby v \u0158ecku a na \u0159eck\u00fdch ostrovech","potentialAction":[{"@type":"SearchAction","target":{"@type":"EntryPoint","urlTemplate":"https:\/\/www.reckasvatba.cz\/?s={search_term_string}"},"query-input":"required name=search_term_string"}],"inLanguage":"cs"}]}},"jetpack_sharing_enabled":true,"jetpack_shortlink":"https:\/\/wp.me\/P8rUEV-do","jetpack-related-posts":[{"id":26,"url":"https:\/\/www.reckasvatba.cz\/?page_id=26","url_meta":{"origin":830,"position":0},"title":"Svatba na Santorini","author":"recka","date":"26.2.2017","format":false,"excerpt":"Kdopak by neznal Santorini, vyj\u00edme\u010dn\u00fd \u0159eck\u00fd ostrov le\u017e\u00edc\u00ed v souostrov\u00ed Kykl\u00e1d. Je jako stvo\u0159en\u00fd pro svatbu, a to nejen d\u00edky scen\u00e9ri\u00edm, kter\u00e9 jsou k vid\u011bn\u00ed z ka\u017ed\u00e9ho v\u00fd\u0161e polo\u017een\u00e9ho m\u00edsta. Charakteristick\u00e9 terasy a vyhl\u00eddky, na kter\u00e9 p\u0159ich\u00e1zej\u00ed milenci a p\u00e1ry pozorovat dechberouc\u00ed z\u00e1pady slunce, panor\u00e1ma mo\u0159e a b\u00edl\u00e9 vesni\u010dky, kontrastuj\u00edc\u00ed\u2026","rel":"","context":"Similar post","block_context":{"text":"Similar post","link":""},"img":{"alt_text":"","src":"https:\/\/i0.wp.com\/www.reckasvatba.cz\/wp-content\/uploads\/2024\/01\/1-1555-scaled.jpg?fit=1200%2C800&ssl=1&resize=350%2C200","width":350,"height":200,"srcset":"https:\/\/i0.wp.com\/www.reckasvatba.cz\/wp-content\/uploads\/2024\/01\/1-1555-scaled.jpg?fit=1200%2C800&ssl=1&resize=350%2C200 1x, https:\/\/i0.wp.com\/www.reckasvatba.cz\/wp-content\/uploads\/2024\/01\/1-1555-scaled.jpg?fit=1200%2C800&ssl=1&resize=525%2C300 1.5x, https:\/\/i0.wp.com\/www.reckasvatba.cz\/wp-content\/uploads\/2024\/01\/1-1555-scaled.jpg?fit=1200%2C800&ssl=1&resize=700%2C400 2x, https:\/\/i0.wp.com\/www.reckasvatba.cz\/wp-content\/uploads\/2024\/01\/1-1555-scaled.jpg?fit=1200%2C800&ssl=1&resize=1050%2C600 3x"},"classes":[]},{"id":22,"url":"https:\/\/www.reckasvatba.cz\/?page_id=22","url_meta":{"origin":830,"position":1},"title":"Svatba na Kefalonii","author":"recka","date":"26.2.2017","format":false,"excerpt":"Kefalonie. Svatba na Kefalonii. Hlava J\u00f3nsk\u00fdch ostrov\u016f, jak se j\u00ed \u0159\u00edk\u00e1, a z\u00e1rove\u0148 nejv\u011bt\u0161\u00ed ostrov v souostrov\u00ed Heptan\u00e9zu, je zat\u00edm je\u0161t\u011b pom\u011brn\u011b m\u00e1lo zn\u00e1m. Do \u0161ir\u0161\u00edho pov\u011bdom\u00ed se Kefalonie dostala v roce 2000 d\u00edky nat\u00e1\u010den\u00ed americk\u00e9ho filmu \"Mandol\u00edna kapit\u00e1na Corelliho\". Hereck\u00fdm hv\u011bzd\u00e1m Pen\u00e9lope Cruz a Nicolasovi Cageovi se z\u0159ejm\u011b nav\u017edy\u2026","rel":"","context":"Similar post","block_context":{"text":"Similar post","link":""},"img":{"alt_text":"","src":"https:\/\/i0.wp.com\/www.reckasvatba.cz\/wp-content\/uploads\/2024\/01\/FM7C3274.jpg?fit=1024%2C683&ssl=1&resize=350%2C200","width":350,"height":200,"srcset":"https:\/\/i0.wp.com\/www.reckasvatba.cz\/wp-content\/uploads\/2024\/01\/FM7C3274.jpg?fit=1024%2C683&ssl=1&resize=350%2C200 1x, https:\/\/i0.wp.com\/www.reckasvatba.cz\/wp-content\/uploads\/2024\/01\/FM7C3274.jpg?fit=1024%2C683&ssl=1&resize=525%2C300 1.5x, https:\/\/i0.wp.com\/www.reckasvatba.cz\/wp-content\/uploads\/2024\/01\/FM7C3274.jpg?fit=1024%2C683&ssl=1&resize=700%2C400 2x"},"classes":[]},{"id":30,"url":"https:\/\/www.reckasvatba.cz\/?page_id=30","url_meta":{"origin":830,"position":2},"title":"Kontakt","author":"recka","date":"26.2.2017","format":false,"excerpt":"Kontakt Budeme pot\u011b\u0161eni, pokud n\u00e1m nap\u00ed\u0161ete na n\u00ed\u017ee uveden\u00e9 e-mailov\u00e9 adresy anebo se s n\u00e1mi spoj\u00edte telefonicky. Na vy\u017e\u00e1d\u00e1n\u00ed v\u00e1m za\u0161leme aktu\u00e1ln\u00ed cen\u00edk a katalog slu\u017eeb. Organizujeme svatby mal\u00e9 i velk\u00e9, soukrom\u00e9 i honosn\u00e9, tajn\u00e9, ofici\u00e1ln\u00ed i neofici\u00e1ln\u00ed (svatby na oko). Pokud chcete m\u00edt klidnou hlavu a spole\u010dn\u011b se svatbou\u2026","rel":"","context":"Similar post","block_context":{"text":"Similar post","link":""},"img":{"alt_text":"","src":"https:\/\/i0.wp.com\/www.reckasvatba.cz\/wp-content\/uploads\/2017\/02\/gamos-130917-4037-300x200.jpg?resize=350%2C200","width":350,"height":200},"classes":[]},{"id":1026,"url":"https:\/\/www.reckasvatba.cz\/?page_id=1026","url_meta":{"origin":830,"position":3},"title":"Z\u00e1sady ochrany osobn\u00edch \u00fadaj\u016f","author":"recka","date":"21.3.2020","format":false,"excerpt":"Kdo jsme Na\u0161e webov\u00e1 adresa je: http:\/\/www.reckasvatba.cz. Jak\u00e9 shroma\u017e\u010fujeme osobn\u00ed \u00fadaje a pro\u010d je shroma\u017e\u010fujeme Koment\u00e1\u0159e Kdy\u017e n\u00e1v\u0161t\u011bvn\u00edci p\u0159idaj\u00ed koment\u00e1\u0159 na tento web, jsou shroma\u017e\u010fov\u00e1ny \u00fadaje zobrazen\u00e9 ve formul\u00e1\u0159i pro koment\u00e1\u0159, d\u00e1le IP adresa n\u00e1v\u0161t\u011bvn\u00edka a \u0159et\u011bzec user agent definuj\u00edc\u00ed prohl\u00ed\u017ee\u010d, co\u017e pom\u00e1h\u00e1 k detekci spamu. Slu\u017eb\u011b Gravatar m\u016f\u017ee b\u00fdt\u2026","rel":"","context":"Similar post","block_context":{"text":"Similar post","link":""},"img":{"alt_text":"","src":"","width":0,"height":0},"classes":[]},{"id":23,"url":"https:\/\/www.reckasvatba.cz\/?page_id=23","url_meta":{"origin":830,"position":4},"title":"Svatba na Zakynthosu","author":"recka","date":"26.2.2017","format":false,"excerpt":"Svatba na Zakynthosu je snem mnoha p\u00e1r\u016f. Charakteristick\u00e1 b\u00edl\u00e1 a modr\u00e1, kter\u00e9 jsou n\u00e1rodn\u00edmi barvami \u0158ecka, zde dominuj\u00ed. Spole\u010dn\u011b se zelenou - barvou hust\u00fdch cip\u0159\u00ed\u0161ov\u00fdch h\u00e1j\u016f a sad\u016f olivovn\u00edk\u016f lahod\u00ed oku n\u00e1v\u0161t\u011bvn\u00edka.\u00a0 Zakynthos l\u00e1k\u00e1 p\u0159ekr\u00e1sn\u00fdmi pl\u00e1\u017eemi, mezi kter\u00fdmi se vyj\u00edm\u00e1 nedostupn\u00e1 pl\u00e1\u017e Navajo s vrakem pa\u0161er\u00e1ck\u00e9 lodi. Na Navajo lze\u2026","rel":"","context":"Similar post","block_context":{"text":"Similar post","link":""},"img":{"alt_text":"","src":"https:\/\/i0.wp.com\/www.reckasvatba.cz\/wp-content\/uploads\/2024\/10\/9C8A7790-300x200.jpg?resize=350%2C200&ssl=1","width":350,"height":200},"classes":[]},{"id":215,"url":"https:\/\/www.reckasvatba.cz\/?page_id=215","url_meta":{"origin":830,"position":5},"title":"Dokumenty","author":"recka","date":"27.2.2017","format":false,"excerpt":"Je d\u016fle\u017eit\u00e9, abyste s vy\u0159izov\u00e1n\u00edm dokument\u016f za\u010dali s\u00a0dostate\u010dn\u00fdm p\u0159edstihem. N\u00ed\u017ee uveden\u00e9 dokumenty je nutn\u00e9 zaslat do destinace nejl\u00e9pe 6 t\u00fddn\u016f a nejpozd\u011bji 4 t\u00fddny p\u0159ed pl\u00e1novan\u00fdm ob\u0159adem. N\u011bkter\u00e9 term\u00edny svateb (obzvl\u00e1\u0161\u0165 \u010dervenec, srpen) mohou b\u00fdt zamluven\u00e9 jin\u00fdmi p\u00e1ry p\u00e1r m\u011bs\u00edc\u016f dop\u0159edu. Pokud si chcete b\u00fdt jisti vybran\u00fdm term\u00ednem, s\u00a0ohledem na\u2026","rel":"","context":"Similar post","block_context":{"text":"Similar post","link":""},"img":{"alt_text":"","src":"","width":0,"height":0},"classes":[]}],"_links":{"self":[{"href":"https:\/\/www.reckasvatba.cz\/index.php?rest_route=\/wp\/v2\/pages\/830"}],"collection":[{"href":"https:\/\/www.reckasvatba.cz\/index.php?rest_route=\/wp\/v2\/pages"}],"about":[{"href":"https:\/\/www.reckasvatba.cz\/index.php?rest_route=\/wp\/v2\/types\/page"}],"author":[{"embeddable":true,"href":"https:\/\/www.reckasvatba.cz\/index.php?rest_route=\/wp\/v2\/users\/1"}],"replies":[{"embeddable":true,"href":"https:\/\/www.reckasvatba.cz\/index.php?rest_route=%2Fwp%2Fv2%2Fcomments&post=830"}],"version-history":[{"count":1,"href":"https:\/\/www.reckasvatba.cz\/index.php?rest_route=\/wp\/v2\/pages\/830\/revisions"}],"predecessor-version":[{"id":831,"href":"https:\/\/www.reckasvatba.cz\/index.php?rest_route=\/wp\/v2\/pages\/830\/revisions\/831"}],"up":[{"embeddable":true,"href":"https:\/\/www.reckasvatba.cz\/index.php?rest_route=\/wp\/v2\/pages\/28"}],"wp:attachment":[{"href":"https:\/\/www.reckasvatba.cz\/index.php?rest_route=%2Fwp%2Fv2%2Fmedia&parent=830"}],"curies":[{"name":"wp","href":"https:\/\/api.w.org\/{rel}","templated":true}]}}